{"id":2381,"date":"2026-02-19T14:58:40","date_gmt":"2026-02-19T12:58:40","guid":{"rendered":"https:\/\/berent.com\/de\/?page_id=2381"},"modified":"2026-02-19T14:58:42","modified_gmt":"2026-02-19T12:58:42","slug":"impressum","status":"publish","type":"page","link":"https:\/\/berent.com\/de\/impressum\/","title":{"rendered":"Impressum"},"content":{"rendered":"\n<p>BERENT Deutschland GmbH<\/p>\n\n\n\n<p>K\u00f6nigstor 28<\/p>\n\n\n\n<p>D-34117 Kassel<\/p>\n\n\n\n<p>Germany<\/p>\n\n\n\n<div style=\"height:40px\" aria-hidden=\"true\" class=\"wp-block-spacer\"><\/div>\n\n\n\n<p>Reg. Office \/ Sitz:<\/p>\n\n\n\n<p>Carl-Ludwig-Strasse 16<\/p>\n\n\n\n<p>D-37213 Witzenhausen<\/p>\n\n\n\n<p>Germany<\/p>\n\n\n\n<div style=\"height:40px\" aria-hidden=\"true\" class=\"wp-block-spacer\"><\/div>\n\n\n\n<p>Email \/ E-Mail: <a href=\"mailto:info@berent.com\">info@berent.com<\/a><\/p>\n\n\n\n<p>Tel.: +49 561 503 44 210<\/p>\n\n\n\n<div style=\"height:40px\" aria-hidden=\"true\" class=\"wp-block-spacer\"><\/div>\n\n\n\n<p>Court of registration \/ Registergericht: Amtsgericht Eschwege HRB 2281<\/p>\n\n\n\n<p>VAT No. \/ Ust.-IdNr.: DE206491376&nbsp;&nbsp;&nbsp;&nbsp;&nbsp;&nbsp;&nbsp;<\/p>\n\n\n\n<p>Managing director \/ Gesch\u00e4ftsf\u00fchrer: F. B. Br\u00f6cher<\/p>\n","protected":false},"excerpt":{"rendered":"<p>BERENT Deutschland GmbH K\u00f6nigstor 28 D-34117 Kassel Germany Reg. Office \/ Sitz: Carl-Ludwig-Strasse 16 D-37213 Witzenhausen Germany Email \/ E-Mail:&#8230;<\/p>\n","protected":false},"author":8,"featured_media":0,"parent":0,"menu_order":0,"comment_status":"closed","ping_status":"closed","template":"","meta":{"_editorskit_title_hidden":false,"_editorskit_reading_time":0,"_editorskit_is_block_options_detached":false,"_editorskit_block_options_position":"{}","footnotes":""},"class_list":["post-2381","page","type-page","status-publish","hentry"],"_links":{"self":[{"href":"https:\/\/berent.com\/de\/wp-json\/wp\/v2\/pages\/2381","targetHints":{"allow":["GET"]}}],"collection":[{"href":"https:\/\/berent.com\/de\/wp-json\/wp\/v2\/pages"}],"about":[{"href":"https:\/\/berent.com\/de\/wp-json\/wp\/v2\/types\/page"}],"author":[{"embeddable":true,"href":"https:\/\/berent.com\/de\/wp-json\/wp\/v2\/users\/8"}],"replies":[{"embeddable":true,"href":"https:\/\/berent.com\/de\/wp-json\/wp\/v2\/comments?post=2381"}],"version-history":[{"count":1,"href":"https:\/\/berent.com\/de\/wp-json\/wp\/v2\/pages\/2381\/revisions"}],"predecessor-version":[{"id":2382,"href":"https:\/\/berent.com\/de\/wp-json\/wp\/v2\/pages\/2381\/revisions\/2382"}],"wp:attachment":[{"href":"https:\/\/berent.com\/de\/wp-json\/wp\/v2\/media?parent=2381"}],"curies":[{"name":"wp","href":"https:\/\/api.w.org\/{rel}","templated":true}]}}