{"id":2176,"date":"2024-04-12T09:57:56","date_gmt":"2024-04-12T07:57:56","guid":{"rendered":"https:\/\/berent.com\/de\/?page_id=2176"},"modified":"2024-04-12T13:16:54","modified_gmt":"2024-04-12T11:16:54","slug":"reporting","status":"publish","type":"page","link":"https:\/\/berent.com\/de\/reporting\/","title":{"rendered":"Ver\u00f6ffentlichte Berichte"},"content":{"rendered":"\n<p style=\"font-size:18px\">Bitte klicken Sie auf die nachfolgenden Links, um die ver\u00f6ffentlichten Berichte im PDF-Format aufzurufen:<\/p>\n\n\n\n<div style=\"height:54px\" aria-hidden=\"true\" class=\"wp-block-spacer\"><\/div>\n\n\n\n<div class=\"wp-block-media-text is-stacked-on-mobile\" style=\"grid-template-columns:24% auto\"><figure class=\"wp-block-media-text__media\"><img decoding=\"async\" src=\"https:\/\/berent.com\/wp-content\/uploads\/2024\/01\/PR1.png\" alt=\"\" class=\"wp-image-2571 size-full\"\/><\/figure><div class=\"wp-block-media-text__content\">\n<div style=\"height:15px\" aria-hidden=\"true\" class=\"wp-block-spacer\"><\/div>\n\n\n\n<p style=\"font-size:18px\"><span style=\"text-decoration: underline;\" class=\"ek-underline\"><a href=\"https:\/\/www.wipo.int\/edocs\/pubdocs\/en\/wipo-pub-rn2023-36-en-wipo-pulse.pdf\" target=\"_blank\" aria-label=\"\u00d6ffentlicher Bericht zu WIPO Pulse \u2013 Globale Studie zur Wahrnehmung geistigen Eigentums 2023 (opens in a new tab)\" rel=\"noreferrer noopener\" class=\"ek-link\">\u00d6ffentlicher Bericht zu WIPO Pulse \u2013 Globale Studie zur Wahrnehmung geistigen Eigentums 2023<\/a><\/span> [Englisch]<\/p>\n<\/div><\/div>\n\n\n\n<div style=\"height:70px\" aria-hidden=\"true\" class=\"wp-block-spacer\"><\/div>\n\n\n\n<div class=\"wp-block-media-text is-stacked-on-mobile\" style=\"grid-template-columns:24% auto\"><figure class=\"wp-block-media-text__media\"><img decoding=\"async\" src=\"https:\/\/berent.com\/wp-content\/uploads\/2024\/01\/PR2.png\" alt=\"\" class=\"wp-image-2578 size-full\"\/><\/figure><div class=\"wp-block-media-text__content\">\n<div style=\"height:15px\" aria-hidden=\"true\" class=\"wp-block-spacer\"><\/div>\n\n\n\n<p style=\"font-size:18px\"><span style=\"text-decoration: underline;\" class=\"ek-underline\"><a href=\"https:\/\/link.epo.org\/web\/epo_user_satisfaction_surevey_2022-2023_overall_results.pdf\" target=\"_blank\" aria-label=\"\u00d6ffentlicher Bericht zu den EPA Nutzerzufriedenheitsbefragungen 2022\/2023 (opens in a new tab)\" rel=\"noreferrer noopener\" class=\"ek-link\">\u00d6ffentlicher Bericht zu den EPA Nutzerzufriedenheitsbefragungen 2022\/2023<\/a><\/span> [Englisch]<\/p>\n<\/div><\/div>\n\n\n\n<div style=\"height:70px\" aria-hidden=\"true\" class=\"wp-block-spacer\"><\/div>\n\n\n\n<div class=\"wp-block-media-text is-stacked-on-mobile\" style=\"grid-template-columns:24% auto\"><figure class=\"wp-block-media-text__media\"><img decoding=\"async\" src=\"https:\/\/berent.com\/wp-content\/uploads\/2024\/01\/PR3.png\" alt=\"\" class=\"wp-image-2580 size-full\"\/><\/figure><div class=\"wp-block-media-text__content\">\n<div style=\"height:15px\" aria-hidden=\"true\" class=\"wp-block-spacer\"><\/div>\n\n\n\n<p style=\"font-size:18px\"><span style=\"text-decoration: underline;\" class=\"ek-underline\"><a href=\"https:\/\/euipo.europa.eu\/tunnel-web\/secure\/webdav\/guest\/document_library\/contentPdfs\/news\/Customer_Satisfaction_Survey_Report_2022_en.pdf\" target=\"_blank\" aria-label=\" (opens in a new tab)\" rel=\"noreferrer noopener\" class=\"ek-link\">\u00d6ffentlicher Bericht zur EUIPO Nutzerzufriedenheitsbefragung 2022<\/a><\/span> [Englisch]<\/p>\n<\/div><\/div>\n\n\n\n<div style=\"height:70px\" aria-hidden=\"true\" class=\"wp-block-spacer\"><\/div>\n\n\n\n<div class=\"wp-block-media-text is-stacked-on-mobile\" style=\"grid-template-columns:24% auto\"><figure class=\"wp-block-media-text__media\"><img decoding=\"async\" src=\"https:\/\/berent.com\/wp-content\/uploads\/2024\/01\/PR4.png\" alt=\"\" class=\"wp-image-2581 size-full\"\/><\/figure><div class=\"wp-block-media-text__content\">\n<div style=\"height:15px\" aria-hidden=\"true\" class=\"wp-block-spacer\"><\/div>\n\n\n\n<p style=\"font-size:18px\">\u00d6ffentliche Exportleitf\u00e4den f\u00fcr die deutsche Fleischwirtschaft 2021:<\/p>\n\n\n\n<div style=\"height:20px\" aria-hidden=\"true\" class=\"wp-block-spacer\"><\/div>\n\n\n\n<p style=\"font-size:18px\"><a href=\"https:\/\/agrarexportfoerderung.de\/fileadmin\/SITE_MASTER\/content\/files\/Marktstudien\/2021\/Exporter_Guide_Kuba_final.pdf\" target=\"_blank\" aria-label=\"Kuba (opens in a new tab)\" rel=\"noreferrer noopener\" class=\"ek-link\"><span style=\"text-decoration: underline;\" class=\"ek-underline\">Kuba<\/span><\/a><\/p>\n\n\n\n<p style=\"font-size:18px\"><a href=\"https:\/\/agrarexportfoerderung.de\/fileadmin\/SITE_MASTER\/content\/files\/Marktstudien\/2021\/final_Koc_Exporter_Guide_Dominikanische_Republik.pdf\" target=\"_blank\" aria-label=\"Dominikanische Republik (opens in a new tab)\" rel=\"noreferrer noopener\" class=\"ek-link\"><span style=\"text-decoration: underline;\" class=\"ek-underline\">Dominikanische Republik<\/span><\/a><\/p>\n\n\n\n<p style=\"font-size:18px\"><a href=\"https:\/\/agrarexportfoerderung.de\/fileadmin\/SITE_MASTER\/content\/files\/Marktstudien\/2021\/Exporter_Guide_Jordanien.pdf\" target=\"_blank\" aria-label=\"Jordanien (opens in a new tab)\" rel=\"noreferrer noopener\" class=\"ek-link\"><span style=\"text-decoration: underline;\" class=\"ek-underline\">Jordanien<\/span><\/a><\/p>\n\n\n\n<p style=\"font-size:18px\"><a href=\"https:\/\/agrarexportfoerderung.de\/fileadmin\/SITE_MASTER\/content\/files\/Marktstudien\/2021\/Exporter_Guide_Libanon_final.pdf\" target=\"_blank\" aria-label=\"Libanon (opens in a new tab)\" rel=\"noreferrer noopener\" class=\"ek-link\"><span style=\"text-decoration: underline;\" class=\"ek-underline\">Libanon<\/span><\/a><\/p>\n<\/div><\/div>\n\n\n\n<div style=\"height:70px\" aria-hidden=\"true\" class=\"wp-block-spacer\"><\/div>\n\n\n\n<div class=\"wp-block-media-text is-stacked-on-mobile\" style=\"grid-template-columns:24% auto\"><figure class=\"wp-block-media-text__media\"><img decoding=\"async\" src=\"https:\/\/berent.com\/wp-content\/uploads\/2024\/01\/PR5.png\" alt=\"\" class=\"wp-image-2582 size-full\"\/><\/figure><div class=\"wp-block-media-text__content\">\n<div style=\"height:15px\" aria-hidden=\"true\" class=\"wp-block-spacer\"><\/div>\n\n\n\n<p style=\"font-size:18px\">\u00d6ffentliche Exportleitf\u00e4den f\u00fcr den Markt f\u00fcr S\u00fc\u00dfwaren und Snacks 2020:<\/p>\n\n\n\n<div style=\"height:20px\" aria-hidden=\"true\" class=\"wp-block-spacer\"><\/div>\n\n\n\n<p style=\"font-size:18px\"><a aria-label=\"Australien (opens in a new tab)\" href=\"https:\/\/www.agrarexportfoerderung.de\/fileadmin\/SITE_MASTER\/content\/files\/Marktstudien\/2020\/MS_Suesswaren_Australien_final_.pdf\" target=\"_blank\" rel=\"noreferrer noopener\" class=\"ek-link\"><span style=\"text-decoration: underline;\" class=\"ek-underline\">Australien<\/span><\/a><\/p>\n\n\n\n<p style=\"font-size:18px\"><a aria-label=\"Paraguay und Uruguay (opens in a new tab)\" href=\"https:\/\/www.agrarexportfoerderung.de\/fileadmin\/SITE_MASTER\/content\/files\/Marktstudien\/2020\/Suesswaren_Mercosur-Staaten_final.pdf\" target=\"_blank\" rel=\"noreferrer noopener\" class=\"ek-link\"><span style=\"text-decoration: underline;\" class=\"ek-underline\">Paraguay und Uruguay<\/span><\/a><\/p>\n\n\n\n<p style=\"font-size:18px\"><a aria-label=\"Ecuador, Kolumbien und Peru (opens in a new tab)\" href=\"https:\/\/www.agrarexportfoerderung.de\/fileadmin\/SITE_MASTER\/content\/files\/Marktstudien\/2020\/MS_Suesswaren_Anden_09022021_JW.pdf\" target=\"_blank\" rel=\"noreferrer noopener\" class=\"ek-link\"><span style=\"text-decoration: underline;\" class=\"ek-underline\">Ecuador, Kolumbien und Peru<\/span><\/a><\/p>\n<\/div><\/div>\n\n\n\n<div style=\"height:70px\" aria-hidden=\"true\" class=\"wp-block-spacer\"><\/div>\n\n\n\n<div class=\"wp-block-media-text is-stacked-on-mobile\" style=\"grid-template-columns:24% auto\"><figure class=\"wp-block-media-text__media\"><img decoding=\"async\" src=\"https:\/\/berent.com\/wp-content\/uploads\/2024\/01\/PR6.png\" alt=\"\" class=\"wp-image-2583 size-full\"\/><\/figure><div class=\"wp-block-media-text__content\">\n<div style=\"height:15px\" aria-hidden=\"true\" class=\"wp-block-spacer\"><\/div>\n\n\n\n<p style=\"font-size:18px\"><span style=\"text-decoration: underline;\" class=\"ek-underline\"><a href=\"https:\/\/www.agrarexportfoerderung.de\/fileadmin\/SITE_MASTER\/content\/files\/Laenderberichte2020\/Studie_Landtechnik_Japan-Endfassung__002_.pdf\" target=\"_blank\" aria-label=\" (opens in a new tab)\" rel=\"noreferrer noopener\" class=\"ek-link\">\u00d6ffentlicher Marktforschungsbericht \u00fcber den Landmaschinenmarkt in Japan 2020<\/a><\/span><\/p>\n<\/div><\/div>\n\n\n\n<div style=\"height:70px\" aria-hidden=\"true\" class=\"wp-block-spacer\"><\/div>\n\n\n\n<div class=\"wp-block-media-text is-stacked-on-mobile\" style=\"grid-template-columns:24% auto\"><figure class=\"wp-block-media-text__media\"><img decoding=\"async\" src=\"https:\/\/berent.com\/wp-content\/uploads\/2024\/01\/PR7.png\" alt=\"\" class=\"wp-image-2584 size-full\"\/><\/figure><div class=\"wp-block-media-text__content\">\n<div style=\"height:15px\" aria-hidden=\"true\" class=\"wp-block-spacer\"><\/div>\n\n\n\n<p style=\"font-size:18px\"><span style=\"text-decoration: underline;\" class=\"ek-underline\"><a href=\"https:\/\/link.epo.org\/web\/Patent_commercialisation_scoreboard_European_SMEs_2019_en.pdf\" target=\"_blank\" aria-label=\" (opens in a new tab)\" rel=\"noreferrer noopener\" class=\"ek-link\">\u00d6ffentlicher Bericht zur EPA Patentverwertungsstudie 2019<\/a><\/span> [Englisch]<\/p>\n<\/div><\/div>\n","protected":false},"excerpt":{"rendered":"<p>Bitte klicken Sie auf die nachfolgenden Links, um die ver\u00f6ffentlichten Berichte im PDF-Format aufzurufen:<\/p>\n","protected":false},"author":8,"featured_media":0,"parent":0,"menu_order":0,"comment_status":"closed","ping_status":"closed","template":"","meta":{"_editorskit_title_hidden":false,"_editorskit_reading_time":0,"_editorskit_is_block_options_detached":false,"_editorskit_block_options_position":"{}","footnotes":""},"class_list":["post-2176","page","type-page","status-publish","hentry"],"_links":{"self":[{"href":"https:\/\/berent.com\/de\/wp-json\/wp\/v2\/pages\/2176","targetHints":{"allow":["GET"]}}],"collection":[{"href":"https:\/\/berent.com\/de\/wp-json\/wp\/v2\/pages"}],"about":[{"href":"https:\/\/berent.com\/de\/wp-json\/wp\/v2\/types\/page"}],"author":[{"embeddable":true,"href":"https:\/\/berent.com\/de\/wp-json\/wp\/v2\/users\/8"}],"replies":[{"embeddable":true,"href":"https:\/\/berent.com\/de\/wp-json\/wp\/v2\/comments?post=2176"}],"version-history":[{"count":5,"href":"https:\/\/berent.com\/de\/wp-json\/wp\/v2\/pages\/2176\/revisions"}],"predecessor-version":[{"id":2189,"href":"https:\/\/berent.com\/de\/wp-json\/wp\/v2\/pages\/2176\/revisions\/2189"}],"wp:attachment":[{"href":"https:\/\/berent.com\/de\/wp-json\/wp\/v2\/media?parent=2176"}],"curies":[{"name":"wp","href":"https:\/\/api.w.org\/{rel}","templated":true}]}}