{"id":2166,"date":"2024-04-12T09:47:39","date_gmt":"2024-04-12T07:47:39","guid":{"rendered":"https:\/\/berent.com\/de\/?page_id=2166"},"modified":"2024-06-04T14:19:47","modified_gmt":"2024-06-04T12:19:47","slug":"global-local","status":"publish","type":"page","link":"https:\/\/berent.com\/de\/global-local\/","title":{"rendered":"Globale und regionale Einblicke"},"content":{"rendered":"\n<p class=\"has-text-align-left\" style=\"font-size:18px\">In der dynamischen Branchenlandschaft der Marktforschung hat sich unser Unternehmen kontinuierlich weiter\u00adentwickelt, um die unterschiedlichen und sich ver\u00e4ndernden Bed\u00fcrfnisse unserer Kunden bestens zu erf\u00fcllen. Durch den Einsatz von CAWI-, CATI- und Mixed-Mode-Befragungen gew\u00e4hrleisten wir eine gr\u00fcndliche und genaue Datenerfassung in verschiedenen Forschungsprojekten.<\/p>\n\n\n\n<div style=\"height:20px\" aria-hidden=\"true\" class=\"wp-block-spacer\"><\/div>\n\n\n<div class=\"wp-block-image is-style-editorskit-rounded\">\n<figure class=\"aligncenter size-full is-resized\"><img loading=\"lazy\" decoding=\"async\" width=\"1920\" height=\"1080\" src=\"https:\/\/berent.com\/de\/wp-content\/uploads\/2024\/04\/global-localEU-1.png\" alt=\"\" class=\"wp-image-2192\" style=\"width:800px\" srcset=\"https:\/\/berent.com\/de\/wp-content\/uploads\/2024\/04\/global-localEU-1.png 1920w, https:\/\/berent.com\/de\/wp-content\/uploads\/2024\/04\/global-localEU-1-300x169.png 300w, https:\/\/berent.com\/de\/wp-content\/uploads\/2024\/04\/global-localEU-1-1024x576.png 1024w, https:\/\/berent.com\/de\/wp-content\/uploads\/2024\/04\/global-localEU-1-768x432.png 768w, https:\/\/berent.com\/de\/wp-content\/uploads\/2024\/04\/global-localEU-1-1536x864.png 1536w, https:\/\/berent.com\/de\/wp-content\/uploads\/2024\/04\/global-localEU-1-620x349.png 620w\" sizes=\"auto, (max-width: 1920px) 100vw, 1920px\" \/><\/figure>\n<\/div>\n\n\n<div style=\"height:20px\" aria-hidden=\"true\" class=\"wp-block-spacer\"><\/div>\n\n\n\n<p class=\"has-text-align-left\" style=\"font-size:18px\">Im Mittelpunkt unserer Leistungsf\u00e4higkeiten steht die besondere M\u00f6glichkeit, auf die einzigartigen Nuancen einzelner L\u00e4nder zugeschnittene Untersuchungen durchzuf\u00fchren. Unsere Methoden sind fein abgestimmt, um das Wesentliche der lokalen M\u00e4rkte zu erfassen und unseren Kunden verwertbare Erkenntnisse zu liefern, die ihre Gesch\u00e4ftsstrategien vorantreiben.<\/p>\n\n\n\n<div style=\"height:25px\" aria-hidden=\"true\" class=\"wp-block-spacer\"><\/div>\n\n\n\n<div class=\"wp-block-media-text is-stacked-on-mobile is-vertically-aligned-center\" style=\"grid-template-columns:18% auto\"><figure class=\"wp-block-media-text__media\"><img loading=\"lazy\" decoding=\"async\" width=\"641\" height=\"1024\" src=\"https:\/\/berent.com\/de\/wp-content\/uploads\/2024\/04\/global-local3-641x1024.png\" alt=\"\" class=\"wp-image-2168 size-full\" srcset=\"https:\/\/berent.com\/de\/wp-content\/uploads\/2024\/04\/global-local3-641x1024.png 641w, https:\/\/berent.com\/de\/wp-content\/uploads\/2024\/04\/global-local3-188x300.png 188w, https:\/\/berent.com\/de\/wp-content\/uploads\/2024\/04\/global-local3-768x1227.png 768w, https:\/\/berent.com\/de\/wp-content\/uploads\/2024\/04\/global-local3-620x990.png 620w, https:\/\/berent.com\/de\/wp-content\/uploads\/2024\/04\/global-local3.png 772w\" sizes=\"auto, (max-width: 641px) 100vw, 641px\" \/><\/figure><div class=\"wp-block-media-text__content\">\n<div style=\"height:20px\" aria-hidden=\"true\" class=\"wp-block-spacer\"><\/div>\n\n\n\n<p class=\"has-text-align-left\" style=\"font-size:18px\">\u00dcber die Analyse einzelner L\u00e4nder hinaus verf\u00fcgen wir \u00fcber die Kompetenz, regionale Dynamiken zu erforschen und Trends und Muster aufzudecken, die \u00fcber die nationalen Grenzen hinausgehen. Mit einer Pr\u00e4senz in D\u00e4nemark, Deutschland, Litauen, Lettland, Estland, Finnland, Norwegen und Schweden k\u00f6nnen wir auf eine lange Geschichte regionaler Expertise zur\u00fcckblicken.<\/p>\n\n\n\n<div style=\"height:20px\" aria-hidden=\"true\" class=\"wp-block-spacer\"><\/div>\n\n\n\n<p class=\"has-text-align-left\" style=\"font-size:18px\">Unsere globalen Marktforschungsinitiativen umfassen l\u00e4nder\u00fcbergreifende Studien, die sich \u00fcber viele Kontinente, Sprachen und Kulturen erstrecken. Wir konzipieren einwandfreie internationale Projekte und liefern umfassende Erkenntnisse, die unsere Kunden in die Lage versetzen, fundierte Entscheidungen auf globaler Ebene zu treffen. Ganz gleich, ob es darum geht, die Differenziertheit eines einzelnen Marktes zu entschl\u00fcsseln, regionale Trends zu analysieren oder Erkenntnisse auf globaler Ebene zu gewinnen &#8211; unser engagiertes Team steht unseren Kunden in jeder Phase Ihres Marktforschungs\u00adprojekts zur Seite, unabh\u00e4ngig von dessen Umfang und Komplexit\u00e4t.<\/p>\n<\/div><\/div>\n\n\n\n<div style=\"height:25px\" aria-hidden=\"true\" class=\"wp-block-spacer\"><\/div>\n\n\n\n<p style=\"font-size:18px\">Wir bieten Ihnen als Kunden\u2026<\/p>\n\n\n\n<div style=\"height:20px\" aria-hidden=\"true\" class=\"wp-block-spacer\"><\/div>\n\n\n\n<p style=\"font-size:18px\">Umfassende Markt- und Marketingforschung:<\/p>\n\n\n\n<ul class=\"is-style-dashed german-ul wp-block-list\">\n<li style=\"font-size:18px\">Beratung \u00fcber die besonderen Rahmenbedingungen und Facetten verschiedener M\u00e4rkte<\/li>\n\n\n\n<li style=\"font-size:18px\">Quantitative und qualitative Prim\u00e4rforschung, fundiert und speziell zugeschnitten auf Ihre Zielgruppe<\/li>\n\n\n\n<li style=\"font-size:18px\">Sekund\u00e4re Marktforschung mit allen relevanten Zahlen und Daten<\/li>\n\n\n\n<li style=\"font-size:18px\">Langj\u00e4hrige Erfahrung in der Erforschung von Absatz- und Beschaffungsm\u00e4rkten sowie von Marken (Wahrnehmung, Positionierung, Steuerung)<\/li>\n\n\n\n<li style=\"font-size:18px\">Besondere Expertise in der Zufriedenheitsforschung, ob von (Be-)Nutzern, Mitarbeitern oder Organisationen<\/li>\n<\/ul>\n\n\n\n<div style=\"height:30px\" aria-hidden=\"true\" class=\"wp-block-spacer\"><\/div>\n\n\n\n<p style=\"font-size:18px\">Unterst\u00fctzung in der Erschlie\u00dfung neuer M\u00e4rkte:<\/p>\n\n\n\n<ul class=\"is-style-dashed german-ul wp-block-list\">\n<li style=\"font-size:18px\">Vorbereitung von Exportberatungen und Marketing-Strategien sowie Unterst\u00fctzung bei deren Umsetzung<\/li>\n\n\n\n<li style=\"font-size:18px\">Hilfestellung bei der Teilnahme an \u00f6ffentlichen Ausschreibungen inkl. der Vorbereitung der Unterlagen<\/li>\n\n\n\n<li style=\"font-size:18px\">Unterst\u00fctzung bei der Vorbereitung von Unternehmenspr\u00e4sentationen in der Landessprache und in Deutsch und Englisch<\/li>\n\n\n\n<li style=\"font-size:18px\">Spezifische Daten \u00fcber potenzielle Partner (darunter auch Kreditrisiko und Finanzinformationen)<\/li>\n\n\n\n<li style=\"font-size:18px\">Beratung und organisatorische Unterst\u00fctzung bei individuellen Firmentreffen<\/li>\n\n\n\n<li style=\"font-size:18px\">Unterst\u00fctzung bei Verhandlungen und Mediationen<\/li>\n\n\n\n<li style=\"font-size:18px\">Assistenz bei internationalen Fachausstellungen.<\/li>\n<\/ul>\n\n\n\n<div style=\"height:30px\" aria-hidden=\"true\" class=\"wp-block-spacer\"><\/div>\n\n\n\n<p class=\"has-text-align-left\" style=\"font-size:18px\">F\u00fcr weitere Informationen und Unterst\u00fctzung, die auf Ihre speziellen Bed\u00fcrfnisse zugeschnitten ist, egal ob es ein lokales oder globales Forschungsvorhaben ist, k\u00f6nnen Sie sich gerne an uns wenden unter <a aria-label=\"info@berent.com (opens in a new tab)\" href=\"mailto:info@berent.com\" target=\"_blank\" rel=\"noreferrer noopener\" class=\"ek-link\">info@berent.com<\/a>.<\/p>\n","protected":false},"excerpt":{"rendered":"<p>In der dynamischen Branchenlandschaft der Marktforschung hat sich unser Unternehmen kontinuierlich weiter\u00adentwickelt, um die unterschiedlichen und sich ver\u00e4ndernden Bed\u00fcrfnisse unserer&#8230;<\/p>\n","protected":false},"author":8,"featured_media":0,"parent":0,"menu_order":0,"comment_status":"closed","ping_status":"closed","template":"","meta":{"_editorskit_title_hidden":false,"_editorskit_reading_time":0,"_editorskit_is_block_options_detached":false,"_editorskit_block_options_position":"{}","footnotes":""},"class_list":["post-2166","page","type-page","status-publish","hentry"],"_links":{"self":[{"href":"https:\/\/berent.com\/de\/wp-json\/wp\/v2\/pages\/2166","targetHints":{"allow":["GET"]}}],"collection":[{"href":"https:\/\/berent.com\/de\/wp-json\/wp\/v2\/pages"}],"about":[{"href":"https:\/\/berent.com\/de\/wp-json\/wp\/v2\/types\/page"}],"author":[{"embeddable":true,"href":"https:\/\/berent.com\/de\/wp-json\/wp\/v2\/users\/8"}],"replies":[{"embeddable":true,"href":"https:\/\/berent.com\/de\/wp-json\/wp\/v2\/comments?post=2166"}],"version-history":[{"count":17,"href":"https:\/\/berent.com\/de\/wp-json\/wp\/v2\/pages\/2166\/revisions"}],"predecessor-version":[{"id":2302,"href":"https:\/\/berent.com\/de\/wp-json\/wp\/v2\/pages\/2166\/revisions\/2302"}],"wp:attachment":[{"href":"https:\/\/berent.com\/de\/wp-json\/wp\/v2\/media?parent=2166"}],"curies":[{"name":"wp","href":"https:\/\/api.w.org\/{rel}","templated":true}]}}