{"id":2132,"date":"2024-04-10T15:09:05","date_gmt":"2024-04-10T13:09:05","guid":{"rendered":"https:\/\/berent.com\/de\/?page_id=2132"},"modified":"2024-06-04T14:18:35","modified_gmt":"2024-06-04T12:18:35","slug":"contacts-for-euipo-respondents","status":"publish","type":"page","link":"https:\/\/berent.com\/de\/contacts-for-euipo-respondents\/","title":{"rendered":"F\u00fcr Teilnehmer an EUIPO Studien"},"content":{"rendered":"\n<p class=\"has-text-align-justify\" style=\"font-size:18px\">Die Datenschutzerkl\u00e4rung zu den Befragungen, die wir im Auftrag des Amts der Europ\u00e4ischen Union f\u00fcr geistiges Eigentum (EUIPO) durchf\u00fchren, finden Sie auf dessen Webseite unter:<\/p>\n\n\n\n<p><\/p>\n\n\n\n<p style=\"font-size:18px\">Befragung zum Pro-Bono- oder EDR-Dienst:<\/p>\n\n\n\n<p style=\"font-size:18px\"><a href=\"https:\/\/euipo.europa.eu\/tunnel-web\/secure\/webdav\/guest\/document_library\/contentPdfs\/data_protection\/Pro_Bono_and_EDR_services_de.pdf\" class=\"ek-link\">https:\/\/euipo.europa.eu\/tunnel-web\/secure\/webdav\/guest\/document_library\/contentPdfs\/data_protection\/Pro_Bono_and_EDR_services_de.pdf<\/a><\/p>\n\n\n\n<div style=\"height:30px\" aria-hidden=\"true\" class=\"wp-block-spacer\"><\/div>\n\n\n\n<p style=\"font-size:18px\">Sofortiges Feedback- oder andere Formen von Feedback-Befragungen:<\/p>\n\n\n\n<p style=\"font-size:18px\"><a aria-label=\"https:\/\/euipo.europa.eu\/tunnel-web\/secure\/webdav\/guest\/document_library\/contentPdfs\/data_protection\/Immediate_Feedback_and_other_surveys_de.pdf (opens in a new tab)\" href=\"https:\/\/euipo.europa.eu\/tunnel-web\/secure\/webdav\/guest\/document_library\/contentPdfs\/data_protection\/Immediate_Feedback_and_other_surveys_de.pdf\" target=\"_blank\" rel=\"noreferrer noopener\" class=\"ek-link\">https:\/\/euipo.europa.eu\/tunnel-web\/secure\/webdav\/guest\/document_library\/contentPdfs\/data_protection\/Immediate_Feedback_and_other_surveys_de.pdf<\/a><\/p>\n","protected":false},"excerpt":{"rendered":"<p>Die Datenschutzerkl\u00e4rung zu den Befragungen, die wir im Auftrag des Amts der Europ\u00e4ischen Union f\u00fcr geistiges Eigentum (EUIPO) durchf\u00fchren, finden&#8230;<\/p>\n","protected":false},"author":8,"featured_media":0,"parent":0,"menu_order":0,"comment_status":"closed","ping_status":"closed","template":"","meta":{"_editorskit_title_hidden":false,"_editorskit_reading_time":0,"_editorskit_is_block_options_detached":false,"_editorskit_block_options_position":"{}","footnotes":""},"class_list":["post-2132","page","type-page","status-publish","hentry"],"_links":{"self":[{"href":"https:\/\/berent.com\/de\/wp-json\/wp\/v2\/pages\/2132","targetHints":{"allow":["GET"]}}],"collection":[{"href":"https:\/\/berent.com\/de\/wp-json\/wp\/v2\/pages"}],"about":[{"href":"https:\/\/berent.com\/de\/wp-json\/wp\/v2\/types\/page"}],"author":[{"embeddable":true,"href":"https:\/\/berent.com\/de\/wp-json\/wp\/v2\/users\/8"}],"replies":[{"embeddable":true,"href":"https:\/\/berent.com\/de\/wp-json\/wp\/v2\/comments?post=2132"}],"version-history":[{"count":7,"href":"https:\/\/berent.com\/de\/wp-json\/wp\/v2\/pages\/2132\/revisions"}],"predecessor-version":[{"id":2301,"href":"https:\/\/berent.com\/de\/wp-json\/wp\/v2\/pages\/2132\/revisions\/2301"}],"wp:attachment":[{"href":"https:\/\/berent.com\/de\/wp-json\/wp\/v2\/media?parent=2132"}],"curies":[{"name":"wp","href":"https:\/\/api.w.org\/{rel}","templated":true}]}}