{"id":2128,"date":"2024-04-10T15:04:33","date_gmt":"2024-04-10T13:04:33","guid":{"rendered":"https:\/\/berent.com\/de\/?page_id=2128"},"modified":"2024-04-26T13:31:18","modified_gmt":"2024-04-26T11:31:18","slug":"contacts-for-epo-respondents","status":"publish","type":"page","link":"https:\/\/berent.com\/de\/contacts-for-epo-respondents\/","title":{"rendered":"F\u00fcr Teilnehmer an EPA Studien"},"content":{"rendered":"\n<p class=\"has-text-align-justify\" style=\"font-size:18px\">Weitere Informationen \u00fcber die derzeitigen Studien, die wir im Auftrag des Europ\u00e4ischen Patentamts (EPA) durchf\u00fchren, finden Sie auf dessen Webseite unter:<\/p>\n\n\n\n<p style=\"font-size:18px\"><strong><a aria-label=\"http:\/\/www.epo.org\/surveys (opens in a new tab)\" href=\"https:\/\/www.epo.org\/service-support\/contact-us\/surveys_de.html\" target=\"_blank\" rel=\"noreferrer noopener\" class=\"ek-link\">http<\/a><a href=\"https:\/\/www.epo.org\/service-support\/contact-us\/surveys_de.html\" target=\"_blank\" aria-label=\"http:\/\/www.epo.org\/surveys (opens in a new tab)\" rel=\"noreferrer noopener\" class=\"ek-link\">s<\/a><a aria-label=\"http:\/\/www.epo.org\/surveys (opens in a new tab)\" href=\"https:\/\/www.epo.org\/service-support\/contact-us\/surveys_de.html\" target=\"_blank\" rel=\"noreferrer noopener\" class=\"ek-link\">:\/\/www.epo.org\/surveys<\/a><\/strong><\/p>\n\n\n\n<div style=\"height:20px\" aria-hidden=\"true\" class=\"wp-block-spacer\"><\/div>\n\n\n\n<p class=\"has-text-align-justify\" style=\"font-size:18px\">Falls Sie uns Ihre pr\u00e4ferierte Uhrzeit und ein bestimmtes Datum f\u00fcr die Teilnahme an einer Befragung mitteilen m\u00f6chten, tun Sie dies bitte per E-Mail an die nachfolgende Adresse. Falls Sie an der diesj\u00e4hrigen Befragung nicht teilnehmen k\u00f6nnen oder m\u00f6chten, teilen Sie uns dies bitte ebenfalls \u00fcber diese E-Mail-Adresse mit:<\/p>\n\n\n\n<p style=\"font-size:18px\"><strong>uss.epo (at) berent dot com<\/strong><\/p>\n\n\n\n<div style=\"height:20px\" aria-hidden=\"true\" class=\"wp-block-spacer\"><\/div>\n\n\n\n<p style=\"font-size:18px\">F\u00fcr generelle Fragen zu den Studien, wenden Sie sich bitte an das EPA unter:<\/p>\n\n\n\n<p style=\"font-size:18px\"><strong>usersurveys (at) epo dot org<\/strong><\/p>\n","protected":false},"excerpt":{"rendered":"<p>Weitere Informationen \u00fcber die derzeitigen Studien, die wir im Auftrag des Europ\u00e4ischen Patentamts (EPA) durchf\u00fchren, finden Sie auf dessen Webseite&#8230;<\/p>\n","protected":false},"author":8,"featured_media":0,"parent":0,"menu_order":0,"comment_status":"closed","ping_status":"closed","template":"","meta":{"_editorskit_title_hidden":false,"_editorskit_reading_time":0,"_editorskit_is_block_options_detached":false,"_editorskit_block_options_position":"{}","footnotes":""},"class_list":["post-2128","page","type-page","status-publish","hentry"],"_links":{"self":[{"href":"https:\/\/berent.com\/de\/wp-json\/wp\/v2\/pages\/2128","targetHints":{"allow":["GET"]}}],"collection":[{"href":"https:\/\/berent.com\/de\/wp-json\/wp\/v2\/pages"}],"about":[{"href":"https:\/\/berent.com\/de\/wp-json\/wp\/v2\/types\/page"}],"author":[{"embeddable":true,"href":"https:\/\/berent.com\/de\/wp-json\/wp\/v2\/users\/8"}],"replies":[{"embeddable":true,"href":"https:\/\/berent.com\/de\/wp-json\/wp\/v2\/comments?post=2128"}],"version-history":[{"count":5,"href":"https:\/\/berent.com\/de\/wp-json\/wp\/v2\/pages\/2128\/revisions"}],"predecessor-version":[{"id":2241,"href":"https:\/\/berent.com\/de\/wp-json\/wp\/v2\/pages\/2128\/revisions\/2241"}],"wp:attachment":[{"href":"https:\/\/berent.com\/de\/wp-json\/wp\/v2\/media?parent=2128"}],"curies":[{"name":"wp","href":"https:\/\/api.w.org\/{rel}","templated":true}]}}