{"id":2125,"date":"2024-04-10T14:57:24","date_gmt":"2024-04-10T12:57:24","guid":{"rendered":"https:\/\/berent.com\/de\/?page_id=2125"},"modified":"2024-04-29T09:43:30","modified_gmt":"2024-04-29T07:43:30","slug":"world-wide-surveys","status":"publish","type":"page","link":"https:\/\/berent.com\/de\/world-wide-surveys\/","title":{"rendered":"Weltweite Erhebungen"},"content":{"rendered":"\n<p><\/p>\n\n\n\n<div class=\"wp-block-columns is-layout-flex wp-container-core-columns-is-layout-9d6595d7 wp-block-columns-is-layout-flex\">\n<div class=\"wp-block-column is-vertically-aligned-top has-text-color has-background has-link-color wp-elements-2ecb40cb5e84c49fcdf14b284d830b5b is-layout-flow wp-block-column-is-layout-flow\" style=\"color:#000000d4;background:linear-gradient(315deg,rgb(229,229,229) 0%,rgb(182,193,227) 42%,rgba(13,13,140,0.05) 100%);padding-top:2em;padding-right:2em;padding-bottom:2em;padding-left:2em\">\n<div style=\"height:20px\" aria-hidden=\"true\" class=\"wp-block-spacer\"><\/div>\n\n\n\n<details class=\"wp-block-details has-text-color has-link-color has-medium-font-size wp-elements-5150b7d10757216dff6e6140da398816 is-layout-flow wp-block-details-is-layout-flow\" style=\"color:#000000d4\"><summary><strong><strong>Universelle Prinzipien f\u00fcr ein effektives Befragungsdesign<\/strong><\/strong><\/summary>\n<div style=\"height:40px\" aria-hidden=\"true\" class=\"wp-block-spacer\"><\/div>\n\n\n\n<p class=\"has-text-align-left\" style=\"font-size:18px;line-height:1.5\">Unabh\u00e4ngig davon, ob man eine Befragung im akademischen, gemeinn\u00fctzigen oder kommerziellen Sektor durchf\u00fchrt, sollten die Prinzipien:<\/p>\n\n\n\n<div style=\"height:30px\" aria-hidden=\"true\" class=\"wp-block-spacer\"><\/div>\n\n\n\n<ul style=\"font-size:18px\" class=\"lead wp-block-list\">\n<li>Ergebnisse mit hinreichender Genauigkeit f\u00fcr den beabsichtigten Zweck liefern,<\/li>\n\n\n\n<li>die im Rahmen des Projektes verf\u00fcgbaren Ressourcen (z. B. Zeit und Geld) optimal nutzen,<\/li>\n\n\n\n<li>und in allen L\u00e4ndern\/geografischen Lokationen einheitlich durchgef\u00fchrt werden k\u00f6nnen.<\/li>\n<\/ul>\n<\/details>\n\n\n\n<div style=\"height:20px\" aria-hidden=\"true\" class=\"wp-block-spacer\"><\/div>\n<\/div>\n<\/div>\n\n\n\n<div style=\"height:40px\" aria-hidden=\"true\" class=\"wp-block-spacer\"><\/div>\n\n\n\n<div class=\"wp-block-columns is-layout-flex wp-container-core-columns-is-layout-9d6595d7 wp-block-columns-is-layout-flex\">\n<div class=\"wp-block-column has-text-color has-background has-link-color wp-elements-92ae67297de20c8e038a4ea6f3323471 is-layout-flow wp-block-column-is-layout-flow\" style=\"color:#000000d4;background:linear-gradient(45deg,rgb(229,229,229) 2%,rgb(182,193,227) 50%,rgba(13,13,140,0.05) 100%);padding-top:2em;padding-right:2em;padding-bottom:2em;padding-left:2em\">\n<div style=\"height:20px\" aria-hidden=\"true\" class=\"wp-block-spacer\"><\/div>\n\n\n\n<details class=\"wp-block-details has-text-color has-link-color has-medium-font-size wp-elements-d6dcbe4f3e716b5f62edd8e48176ea80 is-layout-flow wp-block-details-is-layout-flow\" style=\"color:#000000d4\"><summary><strong><strong>Instrumente f\u00fcr vergleichbare Ergebnisse<\/strong><\/strong><\/summary>\n<div style=\"height:40px\" aria-hidden=\"true\" class=\"wp-block-spacer\"><\/div>\n\n\n\n<p class=\"has-text-align-left\" style=\"font-size:18px;line-height:1.5\">Bei der Durchf\u00fchrung von Forschungsstudien mittels Mehrl\u00e4nderbefragungen entstehen Problemstellungen, f\u00fcr die BERENT spezielle Instrumente als L\u00f6sungen entwickelt hat. Zur L\u00f6sung der Problemstellungen werden als wichtigste Instrumente verwendet:<\/p>\n\n\n\n<div style=\"height:30px\" aria-hidden=\"true\" class=\"wp-block-spacer\"><\/div>\n\n\n\n<ul style=\"font-size:18px\" class=\"lead wp-block-list\">\n<li>Mehrsprachige \u00dcbersetzungen der Master-Frageb\u00f6gen<\/li>\n\n\n\n<li>CATI- und CAWI-Programmierung (identisches Routing, Fragem\u00f6glichkeiten usw.)<\/li>\n\n\n\n<li>Strukturen der Datendateien<\/li>\n<\/ul>\n<\/details>\n\n\n\n<div style=\"height:20px\" aria-hidden=\"true\" class=\"wp-block-spacer\"><\/div>\n<\/div>\n<\/div>\n\n\n\n<div style=\"height:40px\" aria-hidden=\"true\" class=\"wp-block-spacer\"><\/div>\n\n\n\n<div class=\"wp-block-columns alignwide is-layout-flex wp-container-core-columns-is-layout-829b1d53 wp-block-columns-is-layout-flex\" style=\"margin-bottom:0\">\n<div class=\"wp-block-column is-vertically-aligned-stretch has-text-color has-background has-link-color wp-elements-3463f68cc911167ae9f6997fb84f559f is-layout-flow wp-block-column-is-layout-flow\" style=\"color:#000000d4;background:linear-gradient(125deg,rgb(229,229,229) 0%,rgb(182,193,227) 50%,rgba(13,13,140,0.05) 100%);padding-top:2em;padding-right:2em;padding-bottom:2em;padding-left:2em\">\n<div style=\"height:20px\" aria-hidden=\"true\" class=\"wp-block-spacer\"><\/div>\n\n\n\n<details class=\"wp-block-details has-text-color has-link-color has-medium-font-size wp-elements-2710d852d774f826fb24a3c4c3647987 is-layout-flow wp-block-details-is-layout-flow\" style=\"color:#000000d4\"><summary><strong><strong>Vielseitige Erhebungssoftware<\/strong><\/strong><\/summary>\n<div style=\"height:40px\" aria-hidden=\"true\" class=\"wp-block-spacer\"><\/div>\n\n\n\n<p class=\"has-text-align-justify\" style=\"font-size:18px;line-height:1.5\">Wir verwenden spezielle Befragungssoftwarepakete, die vielseitig einsetzbar sind und unterschiedliche Forschungsanforderungen bedienen k\u00f6nnen. Ihre bemerkenswerten St\u00e4rken liegen vor allem darin, dass sie gemischte Erhebungen (Mixed-Mode-Befragungen) erm\u00f6glichen und mehrere Befragungsmethoden f\u00fcr einen umfassenden Ansatz nahtlos integrieren.<\/p>\n\n\n\n<div style=\"height:30px\" aria-hidden=\"true\" class=\"wp-block-spacer\"><\/div>\n\n\n\n<p class=\"has-text-align-justify\" style=\"font-size:18px\">Durch eine dauerhafte Lizenz f\u00fcr diese Befragungssoftware haben wir unbegrenzten Zugang und Kontrolle \u00fcber ihre Nutzung auf unserem eigenen Webserver. Dies bedeutet, dass unsere Kunden keine Datenver\u00adarbeitungsvertr\u00e4ge mit dem Softwareanbieter abschlie\u00dfen m\u00fcssen, was die Verwaltungsprozesse vereinfacht und Transparenz im Umgang mit den Daten gew\u00e4hrleistet. Dar\u00fcber hinaus k\u00f6nnen die Befragten nahtlos innerhalb eines Fragebogens zwischen verschiedenen Sprachversionen wechseln.<\/p>\n\n\n\n<div style=\"height:30px\" aria-hidden=\"true\" class=\"wp-block-spacer\"><\/div>\n\n\n\n<p class=\"has-text-align-justify lead\" style=\"font-size:18px\">Die Software unterst\u00fctzt Befragungen in praktisch allen Sprachen, vom lateinisch-alphabetischen Schriftsystem (bspw. Deutsch, Englisch, Franz\u00f6sisch, Italienisch und Spanisch) zum alphabetischen Schriftsystem nicht-romanischer Sprachen (bspw. Griechisch und Russisch), zu logographischen oder phonetischen (bspw. Chinesisch, Japanisch und Koreanisch) und anderen Schrifttypen (bspw. Arabisch, Hebr\u00e4isch, Indisch und Thai). Dar\u00fcber hinaus k\u00f6nnen die Befragten nahtlos innerhalb eines Fragebogens zwischen verschiedenen Sprachversionen wechseln.<\/p>\n<\/details>\n\n\n\n<div style=\"height:20px\" aria-hidden=\"true\" class=\"wp-block-spacer\"><\/div>\n<\/div>\n<\/div>\n\n\n\n<div style=\"height:40px\" aria-hidden=\"true\" class=\"wp-block-spacer\"><\/div>\n\n\n\n<div class=\"wp-block-columns alignwide is-layout-flex wp-container-core-columns-is-layout-829b1d53 wp-block-columns-is-layout-flex\" style=\"margin-bottom:0\">\n<div class=\"wp-block-column is-vertically-aligned-stretch has-text-color has-background has-link-color wp-elements-5894f4d10c81d465cff8255231bd7617 is-layout-flow wp-block-column-is-layout-flow\" style=\"color:#000000d4;background:linear-gradient(45deg,rgb(229,229,229) 0%,rgb(182,193,227) 50%,rgba(13,13,140,0.05) 100%);padding-top:2em;padding-right:2em;padding-bottom:2em;padding-left:2em\">\n<div style=\"height:20px\" aria-hidden=\"true\" class=\"wp-block-spacer\"><\/div>\n\n\n\n<details class=\"wp-block-details has-text-color has-link-color has-medium-font-size wp-elements-de9a4a8cd124449270b78f459b574008 is-layout-flow wp-block-details-is-layout-flow\" style=\"color:#000000d4\"><summary><strong><strong><strong>Konsistenz \u00fcber L\u00e4nder und Sprachen hinweg<\/strong><\/strong><\/strong><\/summary>\n<div style=\"height:40px\" aria-hidden=\"true\" class=\"wp-block-spacer\"><\/div>\n\n\n\n<p class=\"has-text-align-justify\" style=\"font-size:18px;line-height:1.5\">Der Master-Fragebogen wird nur einmal programmiert, wodurch die Konsistenz \u00fcber alle L\u00e4nder und Sprachen hinweg gew\u00e4hrleistet ist. Die einzelnen, auf die Lokalit\u00e4t der Zielpersonen bezogenen oder sprachlichen Versionen des Fragebogens bleiben identisch mit dem Masterfragebogen, und da alle L\u00e4nder denselben CATI- oder CAWI-Erhebungsfragebogen verwenden, werden auch strukturell identische Datendateien erstellt.<\/p>\n\n\n\n<div style=\"height:30px\" aria-hidden=\"true\" class=\"wp-block-spacer\"><\/div>\n\n\n\n<p class=\"has-text-align-justify lead\" style=\"font-size:18px\">Es ist daher m\u00f6glich, Erhebungen im Feld gleichzeitig in mehreren L\u00e4ndern der Welt durchzuf\u00fchren und dabei vollst\u00e4ndig genaue und vergleichbare Daten zu erhalten. Zwischen- und Aktualisierungsberichte zur Erhebung oder sogar zu Befragungsergebnissen k\u00f6nnen sofort oder sp\u00e4testens am Folgetag bereitgestellt werden.<\/p>\n<\/details>\n\n\n\n<div style=\"height:20px\" aria-hidden=\"true\" class=\"wp-block-spacer\"><\/div>\n<\/div>\n<\/div>\n\n\n\n<div style=\"height:70px\" aria-hidden=\"true\" class=\"wp-block-spacer\"><\/div>\n\n\n\n<p class=\"has-text-align-justify\" style=\"font-size:18px\">Insgesamt bieten wir umfassende und benutzerfreundliche L\u00f6sungen f\u00fcr Kunden an, die vielf\u00e4ltige und effiziente Forschungsprojekte auf lokaler oder globaler Ebene durchf\u00fchren m\u00f6chten.<\/p>\n\n\n\n<div style=\"height:20px\" aria-hidden=\"true\" class=\"wp-block-spacer\"><\/div>\n\n\n\n<p class=\"has-text-align-justify\" style=\"font-size:18px\">F\u00fcr weitere Informationen zu mehrsprachigen und Mehrl\u00e4nderbefragungen kontaktieren Sie uns bitte unter <a href=\"mailto:info@berent.com\" target=\"_blank\" rel=\"noreferrer noopener\">info@berent.com<\/a>.<\/p>\n\n\n\n<div style=\"height:20px\" aria-hidden=\"true\" class=\"wp-block-spacer\"><\/div>\n","protected":false},"excerpt":{"rendered":"<p>Insgesamt bieten wir umfassende und benutzerfreundliche L\u00f6sungen f\u00fcr Kunden an, die vielf\u00e4ltige und effiziente Forschungsprojekte auf lokaler oder globaler Ebene&#8230;<\/p>\n","protected":false},"author":8,"featured_media":0,"parent":0,"menu_order":0,"comment_status":"closed","ping_status":"closed","template":"","meta":{"_editorskit_title_hidden":false,"_editorskit_reading_time":0,"_editorskit_is_block_options_detached":false,"_editorskit_block_options_position":"{}","footnotes":""},"class_list":["post-2125","page","type-page","status-publish","hentry"],"_links":{"self":[{"href":"https:\/\/berent.com\/de\/wp-json\/wp\/v2\/pages\/2125","targetHints":{"allow":["GET"]}}],"collection":[{"href":"https:\/\/berent.com\/de\/wp-json\/wp\/v2\/pages"}],"about":[{"href":"https:\/\/berent.com\/de\/wp-json\/wp\/v2\/types\/page"}],"author":[{"embeddable":true,"href":"https:\/\/berent.com\/de\/wp-json\/wp\/v2\/users\/8"}],"replies":[{"embeddable":true,"href":"https:\/\/berent.com\/de\/wp-json\/wp\/v2\/comments?post=2125"}],"version-history":[{"count":7,"href":"https:\/\/berent.com\/de\/wp-json\/wp\/v2\/pages\/2125\/revisions"}],"predecessor-version":[{"id":2249,"href":"https:\/\/berent.com\/de\/wp-json\/wp\/v2\/pages\/2125\/revisions\/2249"}],"wp:attachment":[{"href":"https:\/\/berent.com\/de\/wp-json\/wp\/v2\/media?parent=2125"}],"curies":[{"name":"wp","href":"https:\/\/api.w.org\/{rel}","templated":true}]}}