{"id":2119,"date":"2024-04-10T14:47:52","date_gmt":"2024-04-10T12:47:52","guid":{"rendered":"https:\/\/berent.com\/de\/?page_id=2119"},"modified":"2024-06-04T16:26:55","modified_gmt":"2024-06-04T14:26:55","slug":"philosophy","status":"publish","type":"page","link":"https:\/\/berent.com\/de\/philosophy\/","title":{"rendered":"Unsere Philosophie"},"content":{"rendered":"\n<h4 class=\"wp-block-heading has-medium-font-size\" style=\"letter-spacing:0.5px\"><strong><strong>Wertorientierte Markteinblicke<\/strong><\/strong><\/h4>\n\n\n\n<div style=\"height:40px\" aria-hidden=\"true\" class=\"wp-block-spacer\"><\/div>\n\n\n\n<p class=\"has-text-align-left\" style=\"font-size:18px\">Die Bedeutung von Marktforschungs- und Beratungsdienstleistungen hat in den letzten zwei bis drei Jahrzehnten rapide zugenommen. Gleichzeitig sind aber auch die Kosten daf\u00fcr gestiegen. Infolgedessen haben unsere Kunden ein wachsendes und verst\u00e4ndliches Bed\u00fcrfnis, dass die von uns gelieferten Erkenntnisse und Empfehlungen f\u00fcr sie umsetzbar sind und zu messbaren und sinnvollen Ergebnissen f\u00fchren.<\/p>\n\n\n\n<div style=\"height:20px\" aria-hidden=\"true\" class=\"wp-block-spacer\"><\/div>\n\n\n\n<p class=\"has-text-align-left\" style=\"font-size:18px\">Wir bei BERENT wissen darum, dass sich unsere Kunden mehr als blo\u00dfe &#8222;Zahlen und Daten&#8220; w\u00fcnschen. Stattdessen liefern wir ihnen die wirklich interessanten Details, die Einsichten und Erkenntnisse, die sich darin verbergen.<\/p>\n\n\n\n<div style=\"height:50px\" aria-hidden=\"true\" class=\"wp-block-spacer\"><\/div>\n\n\n\n<div class=\"wp-block-media-text is-stacked-on-mobile is-vertically-aligned-top\" style=\"grid-template-columns:37% auto\"><figure class=\"wp-block-media-text__media\"><img loading=\"lazy\" decoding=\"async\" width=\"1024\" height=\"684\" src=\"https:\/\/berent.com\/de\/wp-content\/uploads\/2024\/04\/communication.webp\" alt=\"\" class=\"wp-image-2120 size-full\" srcset=\"https:\/\/berent.com\/de\/wp-content\/uploads\/2024\/04\/communication.webp 1024w, https:\/\/berent.com\/de\/wp-content\/uploads\/2024\/04\/communication-300x200.webp 300w, https:\/\/berent.com\/de\/wp-content\/uploads\/2024\/04\/communication-768x513.webp 768w, https:\/\/berent.com\/de\/wp-content\/uploads\/2024\/04\/communication-620x414.webp 620w\" sizes=\"auto, (max-width: 1024px) 100vw, 1024px\" \/><\/figure><div class=\"wp-block-media-text__content\">\n<div style=\"height:50px\" aria-hidden=\"true\" class=\"wp-block-spacer\"><\/div>\n\n\n\n<h4 class=\"wp-block-heading has-medium-font-size\" style=\"letter-spacing:0.5px\"><strong><strong>Erfolgselemente und Kooperationspartnerschaften<\/strong><\/strong><\/h4>\n\n\n\n<div style=\"height:50px\" aria-hidden=\"true\" class=\"wp-block-spacer\"><\/div>\n\n\n\n<p style=\"font-size:18px\">Wir haben festgestellt, dass es eine Vielzahl an Faktoren gibt, die den Erfolg unseres Ansatzes bestimmen. Die drei allgemein wichtigsten Elemente sind:<\/p>\n\n\n\n<div style=\"height:50px\" aria-hidden=\"true\" class=\"wp-block-spacer\"><\/div>\n<\/div><\/div>\n\n\n\n<ul style=\"font-size:18px\" class=\"german-ul has-custom-size wp-block-list\">\n<li style=\"font-size:18px\" class=\"has-tablet-text-align-justify has-mobile-text-align-justify\">Quintessenz: Um einen echten Nutzen aus Marktinformationssystemen ziehen zu k\u00f6nnen, m\u00fcssen wir uns immer auf die Schlussfolgerungen konzentrieren und dem essentiellen Wissensbedarf den Vorrang vor dem &#8222;Nice-to-know&#8220; geben.<\/li>\n<\/ul>\n\n\n\n<div style=\"height:20px\" aria-hidden=\"true\" class=\"wp-block-spacer\"><\/div>\n\n\n\n<ul style=\"font-size:18px\" class=\"german-ul has-custom-size wp-block-list\">\n<li style=\"font-size:18px\" class=\"has-tablet-text-align-justify has-mobile-text-align-justify\">Zusammenwirken: Wir m\u00fcssen die genauen Gesch\u00e4ftsprozesse und die Strategie verstehen. Es ist wichtig, eine enge Zusammenarbeit herzustellen und reibungslose \u00dcberg\u00e4nge in der gesamten Wertsch\u00f6pfungskette zu gew\u00e4hrleisten. Alle Akteure im Unternehmen, entlang aller Ebenen der Entscheidungsfindung und -umsetzung, m\u00fcssen gemeinsam handeln.<\/li>\n<\/ul>\n\n\n\n<div style=\"height:20px\" aria-hidden=\"true\" class=\"wp-block-spacer\"><\/div>\n\n\n\n<ul style=\"font-size:18px\" class=\"german-ul has-custom-size wp-block-list\">\n<li style=\"font-size:18px\" class=\"has-tablet-text-align-justify has-mobile-text-align-justify\">N\u00e4he schaffen: Gestaltung einer allumfassenden, langfristigen Gesch\u00e4ftsbeziehung zwischen den Forschern\/Beratern von BERENT und dem Kunden, sowie allen internen Nutzern von Marketinginformationen.<\/li>\n<\/ul>\n\n\n\n<div style=\"height:40px\" aria-hidden=\"true\" class=\"wp-block-spacer\"><\/div>\n\n\n\n<h4 class=\"wp-block-heading has-medium-font-size\" style=\"letter-spacing:0.5px\"><strong><strong>Kommunikation als Schl\u00fcssel<\/strong><\/strong><\/h4>\n\n\n\n<div style=\"height:40px\" aria-hidden=\"true\" class=\"wp-block-spacer\"><\/div>\n\n\n\n<p class=\"has-text-align-justify\" style=\"font-size:18px\">Wir schaffen einen produktiven und erkenntnisorientierten Austausch zwischen unseren Forschern\/Beratern und dem Team unserer Kunden und streben mehr als nur ein weiteres Kapitel in einem standardisierten Kunde-Dienstleister Verh\u00e4ltnis an. Stattdessen streben wir nach einer intensiven Zusammenarbeit, die zu einer f\u00fcr beide Seiten lohnenden, langfristigen und partnerschaftlichen Beziehung f\u00fchrt.<\/p>\n\n\n\n<div style=\"height:20px\" aria-hidden=\"true\" class=\"wp-block-spacer\"><\/div>\n\n\n\n<p style=\"font-size:18px\">Kommunikation ist der Schl\u00fcssel zu dieser Ausrichtung. Ein effektiver und effizienter Kommunikationsfluss zwischen allen Mitgliedern des Kundenteams und den Forschern\/Beratern von BERENT ist unerl\u00e4sslich. Alle relevanten Akteure auf allen Entscheidungs- und Umsetzungsebenen m\u00fcssen in diesen Prozess einbezogen werden und ihn mittragen.<\/p>\n\n\n\n<div style=\"height:40px\" aria-hidden=\"true\" class=\"wp-block-spacer\"><\/div>\n\n\n\n<p style=\"font-size:18px\">Bei BERENT halten wir uns in unserer Forschung an die Grunds\u00e4tze der effektiven Kommunikation:<\/p>\n\n\n\n<div style=\"height:20px\" aria-hidden=\"true\" class=\"wp-block-spacer\"><\/div>\n\n\n\n<figure class=\"wp-block-gallery aligncenter has-nested-images columns-default is-cropped wp-block-gallery-1 is-layout-flex wp-block-gallery-is-layout-flex\">\n<figure data-wp-context=\"{&quot;imageId&quot;:&quot;69de281c6d7e9&quot;}\" data-wp-interactive=\"core\/image\" data-wp-key=\"69de281c6d7e9\" class=\"wp-block-image size-full is-style-editorskit-rounded wp-lightbox-container\"><img loading=\"lazy\" decoding=\"async\" width=\"1300\" height=\"1080\" data-wp-class--hide=\"state.isContentHidden\" data-wp-class--show=\"state.isContentVisible\" data-wp-init=\"callbacks.setButtonStyles\" data-wp-on--click=\"actions.showLightbox\" data-wp-on--load=\"callbacks.setButtonStyles\" data-wp-on-window--resize=\"callbacks.setButtonStyles\" data-id=\"2162\" src=\"https:\/\/berent.com\/de\/wp-content\/uploads\/2024\/04\/2.png\" alt=\"\" class=\"wp-image-2162\" srcset=\"https:\/\/berent.com\/de\/wp-content\/uploads\/2024\/04\/2.png 1300w, https:\/\/berent.com\/de\/wp-content\/uploads\/2024\/04\/2-300x249.png 300w, https:\/\/berent.com\/de\/wp-content\/uploads\/2024\/04\/2-1024x851.png 1024w, https:\/\/berent.com\/de\/wp-content\/uploads\/2024\/04\/2-768x638.png 768w, https:\/\/berent.com\/de\/wp-content\/uploads\/2024\/04\/2-620x515.png 620w\" sizes=\"auto, (max-width: 1300px) 100vw, 1300px\" \/><button\n\t\t\tclass=\"lightbox-trigger\"\n\t\t\ttype=\"button\"\n\t\t\taria-haspopup=\"dialog\"\n\t\t\taria-label=\"Vergr\u00f6\u00dfern\"\n\t\t\tdata-wp-init=\"callbacks.initTriggerButton\"\n\t\t\tdata-wp-on--click=\"actions.showLightbox\"\n\t\t\tdata-wp-style--right=\"state.imageButtonRight\"\n\t\t\tdata-wp-style--top=\"state.imageButtonTop\"\n\t\t>\n\t\t\t<svg xmlns=\"http:\/\/www.w3.org\/2000\/svg\" width=\"12\" height=\"12\" fill=\"none\" viewBox=\"0 0 12 12\">\n\t\t\t\t<path fill=\"#fff\" d=\"M2 0a2 2 0 0 0-2 2v2h1.5V2a.5.5 0 0 1 .5-.5h2V0H2Zm2 10.5H2a.5.5 0 0 1-.5-.5V8H0v2a2 2 0 0 0 2 2h2v-1.5ZM8 12v-1.5h2a.5.5 0 0 0 .5-.5V8H12v2a2 2 0 0 1-2 2H8Zm2-12a2 2 0 0 1 2 2v2h-1.5V2a.5.5 0 0 0-.5-.5H8V0h2Z\" \/>\n\t\t\t<\/svg>\n\t\t<\/button><\/figure>\n\n\n\n<figure data-wp-context=\"{&quot;imageId&quot;:&quot;69de281c6e18d&quot;}\" data-wp-interactive=\"core\/image\" data-wp-key=\"69de281c6e18d\" class=\"wp-block-image size-large is-style-editorskit-rounded wp-lightbox-container\"><img loading=\"lazy\" decoding=\"async\" width=\"1024\" height=\"851\" data-wp-class--hide=\"state.isContentHidden\" data-wp-class--show=\"state.isContentVisible\" data-wp-init=\"callbacks.setButtonStyles\" data-wp-on--click=\"actions.showLightbox\" data-wp-on--load=\"callbacks.setButtonStyles\" data-wp-on-window--resize=\"callbacks.setButtonStyles\" data-id=\"2163\" src=\"https:\/\/berent.com\/de\/wp-content\/uploads\/2024\/04\/3-1024x851.png\" alt=\"\" class=\"wp-image-2163\" srcset=\"https:\/\/berent.com\/de\/wp-content\/uploads\/2024\/04\/3-1024x851.png 1024w, https:\/\/berent.com\/de\/wp-content\/uploads\/2024\/04\/3-300x249.png 300w, https:\/\/berent.com\/de\/wp-content\/uploads\/2024\/04\/3-768x638.png 768w, https:\/\/berent.com\/de\/wp-content\/uploads\/2024\/04\/3-620x515.png 620w, https:\/\/berent.com\/de\/wp-content\/uploads\/2024\/04\/3.png 1300w\" sizes=\"auto, (max-width: 1024px) 100vw, 1024px\" \/><button\n\t\t\tclass=\"lightbox-trigger\"\n\t\t\ttype=\"button\"\n\t\t\taria-haspopup=\"dialog\"\n\t\t\taria-label=\"Vergr\u00f6\u00dfern\"\n\t\t\tdata-wp-init=\"callbacks.initTriggerButton\"\n\t\t\tdata-wp-on--click=\"actions.showLightbox\"\n\t\t\tdata-wp-style--right=\"state.imageButtonRight\"\n\t\t\tdata-wp-style--top=\"state.imageButtonTop\"\n\t\t>\n\t\t\t<svg xmlns=\"http:\/\/www.w3.org\/2000\/svg\" width=\"12\" height=\"12\" fill=\"none\" viewBox=\"0 0 12 12\">\n\t\t\t\t<path fill=\"#fff\" d=\"M2 0a2 2 0 0 0-2 2v2h1.5V2a.5.5 0 0 1 .5-.5h2V0H2Zm2 10.5H2a.5.5 0 0 1-.5-.5V8H0v2a2 2 0 0 0 2 2h2v-1.5ZM8 12v-1.5h2a.5.5 0 0 0 .5-.5V8H12v2a2 2 0 0 1-2 2H8Zm2-12a2 2 0 0 1 2 2v2h-1.5V2a.5.5 0 0 0-.5-.5H8V0h2Z\" \/>\n\t\t\t<\/svg>\n\t\t<\/button><\/figure>\n\n\n\n<figure data-wp-context=\"{&quot;imageId&quot;:&quot;69de281c6eaac&quot;}\" data-wp-interactive=\"core\/image\" data-wp-key=\"69de281c6eaac\" class=\"wp-block-image size-large is-style-editorskit-rounded wp-lightbox-container\"><img loading=\"lazy\" decoding=\"async\" width=\"1024\" height=\"851\" data-wp-class--hide=\"state.isContentHidden\" data-wp-class--show=\"state.isContentVisible\" data-wp-init=\"callbacks.setButtonStyles\" data-wp-on--click=\"actions.showLightbox\" data-wp-on--load=\"callbacks.setButtonStyles\" data-wp-on-window--resize=\"callbacks.setButtonStyles\" data-id=\"2164\" src=\"https:\/\/berent.com\/de\/wp-content\/uploads\/2024\/04\/4-1024x851.png\" alt=\"\" class=\"wp-image-2164\" srcset=\"https:\/\/berent.com\/de\/wp-content\/uploads\/2024\/04\/4-1024x851.png 1024w, https:\/\/berent.com\/de\/wp-content\/uploads\/2024\/04\/4-300x249.png 300w, https:\/\/berent.com\/de\/wp-content\/uploads\/2024\/04\/4-768x638.png 768w, https:\/\/berent.com\/de\/wp-content\/uploads\/2024\/04\/4-620x515.png 620w, https:\/\/berent.com\/de\/wp-content\/uploads\/2024\/04\/4.png 1300w\" sizes=\"auto, (max-width: 1024px) 100vw, 1024px\" \/><button\n\t\t\tclass=\"lightbox-trigger\"\n\t\t\ttype=\"button\"\n\t\t\taria-haspopup=\"dialog\"\n\t\t\taria-label=\"Vergr\u00f6\u00dfern\"\n\t\t\tdata-wp-init=\"callbacks.initTriggerButton\"\n\t\t\tdata-wp-on--click=\"actions.showLightbox\"\n\t\t\tdata-wp-style--right=\"state.imageButtonRight\"\n\t\t\tdata-wp-style--top=\"state.imageButtonTop\"\n\t\t>\n\t\t\t<svg xmlns=\"http:\/\/www.w3.org\/2000\/svg\" width=\"12\" height=\"12\" fill=\"none\" viewBox=\"0 0 12 12\">\n\t\t\t\t<path fill=\"#fff\" d=\"M2 0a2 2 0 0 0-2 2v2h1.5V2a.5.5 0 0 1 .5-.5h2V0H2Zm2 10.5H2a.5.5 0 0 1-.5-.5V8H0v2a2 2 0 0 0 2 2h2v-1.5ZM8 12v-1.5h2a.5.5 0 0 0 .5-.5V8H12v2a2 2 0 0 1-2 2H8Zm2-12a2 2 0 0 1 2 2v2h-1.5V2a.5.5 0 0 0-.5-.5H8V0h2Z\" \/>\n\t\t\t<\/svg>\n\t\t<\/button><\/figure>\n<\/figure>\n\n\n\n<div style=\"height:50px\" aria-hidden=\"true\" class=\"wp-block-spacer\"><\/div>\n\n\n\n<p class=\"has-text-align-justify\" style=\"font-size:18px\">Wertvolle Marketingkenntnisse k\u00f6nnen auch Ihrem Unternehmen helfen, es auf gutem Kurs zu halten. Und das ist es, worum es in unserer Kundenbeziehung und Philosophie im Kern geht.<\/p>\n\n\n\n<div style=\"height:20px\" aria-hidden=\"true\" class=\"wp-block-spacer\"><\/div>\n\n\n\n<p style=\"font-size:18px\">Wenn Sie Fragen haben oder Hilfe ben\u00f6tigen, wenden Sie sich bitte an uns, unter <a href=\"mailto:info@berent.com\" target=\"_blank\" rel=\"noreferrer noopener\">info@berent.com<\/a>.<\/p>\n","protected":false},"excerpt":{"rendered":"<p>Wertorientierte Markteinblicke Die Bedeutung von Marktforschungs- und Beratungsdienstleistungen hat in den letzten zwei bis drei Jahrzehnten rapide zugenommen. Gleichzeitig sind&#8230;<\/p>\n","protected":false},"author":8,"featured_media":0,"parent":0,"menu_order":0,"comment_status":"closed","ping_status":"closed","template":"","meta":{"_editorskit_title_hidden":false,"_editorskit_reading_time":0,"_editorskit_is_block_options_detached":false,"_editorskit_block_options_position":"{}","footnotes":""},"class_list":["post-2119","page","type-page","status-publish","hentry"],"_links":{"self":[{"href":"https:\/\/berent.com\/de\/wp-json\/wp\/v2\/pages\/2119","targetHints":{"allow":["GET"]}}],"collection":[{"href":"https:\/\/berent.com\/de\/wp-json\/wp\/v2\/pages"}],"about":[{"href":"https:\/\/berent.com\/de\/wp-json\/wp\/v2\/types\/page"}],"author":[{"embeddable":true,"href":"https:\/\/berent.com\/de\/wp-json\/wp\/v2\/users\/8"}],"replies":[{"embeddable":true,"href":"https:\/\/berent.com\/de\/wp-json\/wp\/v2\/comments?post=2119"}],"version-history":[{"count":19,"href":"https:\/\/berent.com\/de\/wp-json\/wp\/v2\/pages\/2119\/revisions"}],"predecessor-version":[{"id":2304,"href":"https:\/\/berent.com\/de\/wp-json\/wp\/v2\/pages\/2119\/revisions\/2304"}],"wp:attachment":[{"href":"https:\/\/berent.com\/de\/wp-json\/wp\/v2\/media?parent=2119"}],"curies":[{"name":"wp","href":"https:\/\/api.w.org\/{rel}","templated":true}]}}