{"id":2114,"date":"2024-04-10T14:16:34","date_gmt":"2024-04-10T12:16:34","guid":{"rendered":"https:\/\/berent.com\/de\/?page_id=2114"},"modified":"2024-06-04T14:22:09","modified_gmt":"2024-06-04T12:22:09","slug":"about","status":"publish","type":"page","link":"https:\/\/berent.com\/de\/about\/","title":{"rendered":"\u00dcber uns"},"content":{"rendered":"\n<h4 class=\"wp-block-heading has-medium-font-size\" style=\"letter-spacing:0.5px\"><strong>Unser Weg in der Marktforschung<\/strong><\/h4>\n\n\n\n<div style=\"height:20px\" aria-hidden=\"true\" class=\"wp-block-spacer\"><\/div>\n\n\n\n<p class=\"has-text-align-left\" style=\"font-size:18px\">BERENT ist ein unabh\u00e4ngiges Full-Service-Marktforschungsunternehmen, das von einem Team erfahrener Fachleute geleitet wird. Im Laufe unserer Geschichte haben wir uns st\u00e4ndig weiterentwickelt, um uns in der dynamischen Marktforschungsbranche erfolgreich und dauerhaft zu verorten. Anfangs haben wir uns als f\u00fchrender Anbieter von forschungsbasierten Medieninformationen und der Beratung der Medienbranche in Nordeuropa etabliert und dabei TV- und Radiosender, Anbieter von Medieninhalten, Agenturen, Sponsoren und Werbetreibende beliefert. Inzwischen haben sich unsere Kompetenzen diversifiziert und wir bedienen nun eine Vielzahl von Branchen.<\/p>\n\n\n\n<p class=\"has-text-align-left\" style=\"font-size:18px\">Dank unserer langj\u00e4hrigen Erfahrung k\u00f6nnen wir unseren Kunden in verschiedenen Sektoren wertvolle Einblicke bieten, nicht nur in der strategischen Forschung im Bereich der Rechte des geistigen Eigentums, sondern auch in Schl\u00fcsselsektoren wie Export, Finanzen und Tourismus. Wir haben uns auf die Durchf\u00fchrung von Befragungen spezialisiert, die sich \u00fcber mehrere L\u00e4nder und Kontinente erstrecken, sodass wir wahrhaft <em>globale <\/em>Erkenntnisse liefern k\u00f6nnen.<\/p>\n\n\n\n<div style=\"height:50px\" aria-hidden=\"true\" class=\"wp-block-spacer\"><\/div>\n\n\n\n<h4 class=\"wp-block-heading has-medium-font-size\" style=\"letter-spacing:0.5px\"><strong>Vielf\u00e4ltige Branchenerfahrung<\/strong><\/h4>\n\n\n\n<div style=\"height:20px\" aria-hidden=\"true\" class=\"wp-block-spacer\"><\/div>\n\n\n\n<p class=\"has-text-align-left\" style=\"font-size:18px\">Unsere Forscher und Berater bei BERENT verf\u00fcgen \u00fcber umfangreiche Erfahrungen in allen Aspekten der modernen Marketingforschung. Unsere Selbstverpflichtung zur Exzellenz ist ungebrochen und wir passen uns den sich wandelnden Bed\u00fcrfnissen unserer Kunden entsprechend an. Zudem stellen wir sicher, dass unsere Forschungsmethoden dem neuesten Wissensstand und den Trends der Branche entsprechen.<\/p>\n\n\n\n<div style=\"height:20px\" aria-hidden=\"true\" class=\"wp-block-spacer\"><\/div>\n\n\n<div class=\"wp-block-image\">\n<figure class=\"aligncenter size-full is-resized\"><img loading=\"lazy\" decoding=\"async\" width=\"2400\" height=\"2400\" src=\"https:\/\/berent.com\/de\/wp-content\/uploads\/2024\/04\/Expertise-across-industries-DE-2.png\" alt=\"\" class=\"wp-image-2160\" style=\"width:800px\" srcset=\"https:\/\/berent.com\/de\/wp-content\/uploads\/2024\/04\/Expertise-across-industries-DE-2.png 2400w, https:\/\/berent.com\/de\/wp-content\/uploads\/2024\/04\/Expertise-across-industries-DE-2-300x300.png 300w, https:\/\/berent.com\/de\/wp-content\/uploads\/2024\/04\/Expertise-across-industries-DE-2-1024x1024.png 1024w, https:\/\/berent.com\/de\/wp-content\/uploads\/2024\/04\/Expertise-across-industries-DE-2-150x150.png 150w, https:\/\/berent.com\/de\/wp-content\/uploads\/2024\/04\/Expertise-across-industries-DE-2-768x768.png 768w, https:\/\/berent.com\/de\/wp-content\/uploads\/2024\/04\/Expertise-across-industries-DE-2-1536x1536.png 1536w, https:\/\/berent.com\/de\/wp-content\/uploads\/2024\/04\/Expertise-across-industries-DE-2-2048x2048.png 2048w, https:\/\/berent.com\/de\/wp-content\/uploads\/2024\/04\/Expertise-across-industries-DE-2-70x70.png 70w, https:\/\/berent.com\/de\/wp-content\/uploads\/2024\/04\/Expertise-across-industries-DE-2-620x620.png 620w, https:\/\/berent.com\/de\/wp-content\/uploads\/2024\/04\/Expertise-across-industries-DE-2-60x60.png 60w\" sizes=\"auto, (max-width: 2400px) 100vw, 2400px\" \/><\/figure>\n<\/div>\n\n\n<div style=\"height:20px\" aria-hidden=\"true\" class=\"wp-block-spacer\"><\/div>\n\n\n\n<div style=\"height:10px\" aria-hidden=\"true\" class=\"wp-block-spacer\"><\/div>\n\n\n\n<h4 class=\"wp-block-heading has-medium-font-size\" style=\"letter-spacing:0.5px\"><strong>Strategische Einsichten im Bereich der Dienstleistungen f\u00fcr geistige Eigentumsrechte<\/strong><\/h4>\n\n\n\n<div style=\"height:20px\" aria-hidden=\"true\" class=\"wp-block-spacer\"><\/div>\n\n\n\n<p class=\"has-text-align-left\" style=\"font-size:18px\">Seit 2015 ist die Forschung zu Dienstleistungen im Bereich der Rechte des geistigen Eigentums zum Eckpfeiler unseres Serviceportfolios geworden. BERENT ist weltweit f\u00fchrend bei der Durchf\u00fchrung von Erhebungen und der Bereitstellung wertvoller Erkenntnisse im Auftrag mehrerer bedeutender internationaler Organisationen, die sich mit dem Management und dem Schutz geistigen Eigentums befassen. Unser Engagement f\u00fcr herausragende Forschung in diesem Bereich macht uns zu einer vertrauensw\u00fcrdigen Quelle, die ein umfassendes Verst\u00e4ndnis und strategische Beratung in diesem komplexen Bereich bietet.<\/p>\n\n\n\n<div style=\"height:50px\" aria-hidden=\"true\" class=\"wp-block-spacer\"><\/div>\n\n\n\n<h4 class=\"wp-block-heading has-medium-font-size\" style=\"letter-spacing:0.5px\"><strong>Ma\u00dfgeschneiderte Expertise<\/strong><\/h4>\n\n\n\n<div style=\"height:20px\" aria-hidden=\"true\" class=\"wp-block-spacer\"><\/div>\n\n\n\n<p class=\"has-text-align-left\" style=\"font-size:18px\">BERENT zeichnet sich dadurch aus, dass es keine vorgefertigten Forschungsprodukte anbietet. Unser Ansatz ist sehr individuell und spezifisch, da wir wissen, dass die Forschungsfragen und Interessen unserer Kunden sehr unterschiedlich sein k\u00f6nnen. Daher werden die Projekte sorgf\u00e4ltig auf den einzelnen Kunden zugeschnitten, um deren Informations- und Beratungsbedarf umfassend und effizient zu decken.<\/p>\n\n\n\n<p class=\"has-text-align-left\" style=\"font-size:18px\">Unser Team besteht aus sehr erfahrenen Forschern mit besonderem Fachwissen in den folgenden Forschungsbereichen:<\/p>\n\n\n<div class=\"wp-block-image is-style-default wp-duotone-unset-1\">\n<figure class=\"aligncenter size-full is-resized\"><img loading=\"lazy\" decoding=\"async\" width=\"2400\" height=\"3300\" src=\"https:\/\/berent.com\/de\/wp-content\/uploads\/2024\/04\/Fields-of-research-DE.png\" alt=\"\" class=\"wp-image-2117\" style=\"width:700px\" srcset=\"https:\/\/berent.com\/de\/wp-content\/uploads\/2024\/04\/Fields-of-research-DE.png 2400w, https:\/\/berent.com\/de\/wp-content\/uploads\/2024\/04\/Fields-of-research-DE-218x300.png 218w, https:\/\/berent.com\/de\/wp-content\/uploads\/2024\/04\/Fields-of-research-DE-745x1024.png 745w, https:\/\/berent.com\/de\/wp-content\/uploads\/2024\/04\/Fields-of-research-DE-768x1056.png 768w, https:\/\/berent.com\/de\/wp-content\/uploads\/2024\/04\/Fields-of-research-DE-1117x1536.png 1117w, https:\/\/berent.com\/de\/wp-content\/uploads\/2024\/04\/Fields-of-research-DE-1489x2048.png 1489w, https:\/\/berent.com\/de\/wp-content\/uploads\/2024\/04\/Fields-of-research-DE-620x853.png 620w\" sizes=\"auto, (max-width: 2400px) 100vw, 2400px\" \/><\/figure>\n<\/div>\n\n\n<div style=\"height:50px\" aria-hidden=\"true\" class=\"wp-block-spacer\"><\/div>\n\n\n\n<h4 class=\"wp-block-heading has-medium-font-size\" style=\"letter-spacing:0.5px\"><strong>Wahrung von Vertrauen und beruflicher Integrit\u00e4t<\/strong><\/h4>\n\n\n\n<div style=\"height:20px\" aria-hidden=\"true\" class=\"wp-block-spacer\"><\/div>\n\n\n\n<p class=\"has-text-align-left\" style=\"font-size:18px\">BERENT betreibt weder Telemarketing noch andere verkaufsbezogene Aktivit\u00e4ten. Unsere Verpflichtung zur Einhaltung hoher professioneller und ethischer Standards wird durch die Mitgliedschaft unserer F\u00fchrungskr\u00e4fte in Organisationen wie ESOMAR (European Society for Opinion and Marketing Research), MRS (Market Research Society) und BVM (Berufsverband Deutscher Marktforscher) verst\u00e4rkt. Dies garantiert, dass unsere Kunden darauf vertrauen k\u00f6nnen, dass bei unseren Auftr\u00e4gen ein H\u00f6chstma\u00df an Professionalit\u00e4t und ethischem Verhalten gewahrt bleibt.<\/p>\n\n\n\n<div style=\"height:50px\" aria-hidden=\"true\" class=\"wp-block-spacer\"><\/div>\n","protected":false},"excerpt":{"rendered":"<p>Unser Weg in der Marktforschung BERENT ist ein unabh\u00e4ngiges Full-Service-Marktforschungsunternehmen, das von einem Team erfahrener Fachleute geleitet wird. Im Laufe&#8230;<\/p>\n","protected":false},"author":8,"featured_media":0,"parent":0,"menu_order":0,"comment_status":"closed","ping_status":"closed","template":"","meta":{"_editorskit_title_hidden":false,"_editorskit_reading_time":0,"_editorskit_is_block_options_detached":false,"_editorskit_block_options_position":"{}","footnotes":""},"class_list":["post-2114","page","type-page","status-publish","hentry"],"_links":{"self":[{"href":"https:\/\/berent.com\/de\/wp-json\/wp\/v2\/pages\/2114","targetHints":{"allow":["GET"]}}],"collection":[{"href":"https:\/\/berent.com\/de\/wp-json\/wp\/v2\/pages"}],"about":[{"href":"https:\/\/berent.com\/de\/wp-json\/wp\/v2\/types\/page"}],"author":[{"embeddable":true,"href":"https:\/\/berent.com\/de\/wp-json\/wp\/v2\/users\/8"}],"replies":[{"embeddable":true,"href":"https:\/\/berent.com\/de\/wp-json\/wp\/v2\/comments?post=2114"}],"version-history":[{"count":5,"href":"https:\/\/berent.com\/de\/wp-json\/wp\/v2\/pages\/2114\/revisions"}],"predecessor-version":[{"id":2303,"href":"https:\/\/berent.com\/de\/wp-json\/wp\/v2\/pages\/2114\/revisions\/2303"}],"wp:attachment":[{"href":"https:\/\/berent.com\/de\/wp-json\/wp\/v2\/media?parent=2114"}],"curies":[{"name":"wp","href":"https:\/\/api.w.org\/{rel}","templated":true}]}}