{"id":2080,"date":"2024-04-10T11:03:44","date_gmt":"2024-04-10T09:03:44","guid":{"rendered":"https:\/\/berent.com\/de\/?page_id=2080"},"modified":"2024-04-29T10:48:15","modified_gmt":"2024-04-29T08:48:15","slug":"fokusgruppen","status":"publish","type":"page","link":"https:\/\/berent.com\/de\/fokusgruppen\/","title":{"rendered":"Fokusgruppen und Tiefeninterviews"},"content":{"rendered":"\n<h4 class=\"wp-block-heading has-medium-font-size\" style=\"letter-spacing:0.5px\"><strong><strong>Qualitative Forschung<\/strong><\/strong><\/h4>\n\n\n\n<div style=\"height:20px\" aria-hidden=\"true\" class=\"wp-block-spacer\"><\/div>\n\n\n\n<p class=\"has-text-align-left\" style=\"font-size:18px\">Qualitative Forschung ist ein methodologischer Ansatz, der verwendet wird, um die Erfahrungen, Einstellungen und Verhaltensweisen von Einzelpersonen sowie die zugrunde liegenden Gr\u00fcnde f\u00fcr diese Verhaltensweisen zu erforschen und zu verstehen. Fokusgruppen und Tiefeninterviews sind wertvolle qualitative Forschungsmethoden, die reichhaltige Einblicke in diese Aspekte bieten.<\/p>\n\n\n\n<div style=\"height:20px\" aria-hidden=\"true\" class=\"wp-block-spacer\"><\/div>\n\n\n\n<div class=\"wp-block-media-text has-media-on-the-right is-stacked-on-mobile is-vertically-aligned-center\" style=\"grid-template-columns:auto 39%\"><div class=\"wp-block-media-text__content\">\n<div style=\"height:20px\" aria-hidden=\"true\" class=\"wp-block-spacer\"><\/div>\n\n\n\n<p class=\"has-text-align-justify\" style=\"font-size:18px\">BERENT bietet eine Reihe verschiedener eigener qualitativer Forschungsdienstleistungen an, darunter:<\/p>\n\n\n\n<div style=\"height:30px\" aria-hidden=\"true\" class=\"wp-block-spacer\"><\/div>\n\n\n\n<ul class=\"is-style-checked german-ul wp-block-list\">\n<li style=\"font-size:18px\">Fokusgruppen<\/li>\n<\/ul>\n\n\n\n<div style=\"height:20px\" aria-hidden=\"true\" class=\"wp-block-spacer\"><\/div>\n\n\n\n<ul class=\"is-style-checked german-ul wp-block-list\">\n<li style=\"font-size:18px\">Tiefeninterviews mit Verbrauchern (pers\u00f6nliche Befragung \/ Telefonanrufe \/ Video- oder Audiokonferenzen)<\/li>\n<\/ul>\n\n\n\n<div style=\"height:20px\" aria-hidden=\"true\" class=\"wp-block-spacer\"><\/div>\n\n\n\n<ul class=\"is-style-checked german-ul wp-block-list\">\n<li style=\"font-size:18px\">Tiefeninterviews mit hochrangigen Unternehmensvertretern (pers\u00f6nliche Befragung \/ Telefonanrufe \/ Video- oder Audiokonferenzen)<\/li>\n<\/ul>\n\n\n\n<div style=\"height:20px\" aria-hidden=\"true\" class=\"wp-block-spacer\"><\/div>\n<\/div><figure class=\"wp-block-media-text__media\"><img loading=\"lazy\" decoding=\"async\" width=\"1024\" height=\"841\" src=\"https:\/\/berent.com\/de\/wp-content\/uploads\/2024\/04\/Focus1-1024x841.png\" alt=\"\" class=\"wp-image-2081 size-full\" srcset=\"https:\/\/berent.com\/de\/wp-content\/uploads\/2024\/04\/Focus1-1024x841.png 1024w, https:\/\/berent.com\/de\/wp-content\/uploads\/2024\/04\/Focus1-300x246.png 300w, https:\/\/berent.com\/de\/wp-content\/uploads\/2024\/04\/Focus1-768x631.png 768w, https:\/\/berent.com\/de\/wp-content\/uploads\/2024\/04\/Focus1-620x509.png 620w, https:\/\/berent.com\/de\/wp-content\/uploads\/2024\/04\/Focus1.png 1080w\" sizes=\"auto, (max-width: 1024px) 100vw, 1024px\" \/><\/figure><\/div>\n\n\n\n<div style=\"height:50px\" aria-hidden=\"true\" class=\"wp-block-spacer\"><\/div>\n\n\n\n<h4 class=\"wp-block-heading has-medium-font-size\" style=\"letter-spacing:0.5px\"><strong><strong>Fokusgruppen<\/strong><\/strong><\/h4>\n\n\n\n<div style=\"height:20px\" aria-hidden=\"true\" class=\"wp-block-spacer\"><\/div>\n\n\n\n<p class=\"has-text-align-left\" style=\"font-size:18px\">In einer Fokusgruppe nimmt eine kleine, heterogene Gruppe von Teilnehmern an moderierten Diskussionen teil, die es den Forschern erm\u00f6glichen, gemeinsame Perspektiven zu erkunden und Gruppendynamiken aufzudecken.<\/p>\n\n\n\n<div style=\"height:20px\" aria-hidden=\"true\" class=\"wp-block-spacer\"><\/div>\n\n\n\n<p class=\"has-text-align-left\" style=\"font-size:18px\">Die Fokusgruppentechniken bei BERENT sind vielseitig und eignen sich f\u00fcr eine Reihe von Forschungs\u00ad\u00adanforderungen.<\/p>\n\n\n\n<div style=\"height:20px\" aria-hidden=\"true\" class=\"wp-block-spacer\"><\/div>\n\n\n\n<figure class=\"wp-block-image size-full is-style-default\"><img loading=\"lazy\" decoding=\"async\" width=\"2400\" height=\"2026\" src=\"https:\/\/berent.com\/de\/wp-content\/uploads\/2024\/04\/Focus-group-visual-1.png\" alt=\"\" class=\"wp-image-2084\" srcset=\"https:\/\/berent.com\/de\/wp-content\/uploads\/2024\/04\/Focus-group-visual-1.png 2400w, https:\/\/berent.com\/de\/wp-content\/uploads\/2024\/04\/Focus-group-visual-1-300x253.png 300w, https:\/\/berent.com\/de\/wp-content\/uploads\/2024\/04\/Focus-group-visual-1-1024x864.png 1024w, https:\/\/berent.com\/de\/wp-content\/uploads\/2024\/04\/Focus-group-visual-1-768x648.png 768w, https:\/\/berent.com\/de\/wp-content\/uploads\/2024\/04\/Focus-group-visual-1-1536x1297.png 1536w, https:\/\/berent.com\/de\/wp-content\/uploads\/2024\/04\/Focus-group-visual-1-2048x1729.png 2048w, https:\/\/berent.com\/de\/wp-content\/uploads\/2024\/04\/Focus-group-visual-1-620x523.png 620w\" sizes=\"auto, (max-width: 2400px) 100vw, 2400px\" \/><\/figure>\n\n\n\n<div style=\"height:50px\" aria-hidden=\"true\" class=\"wp-block-spacer\"><\/div>\n\n\n\n<h4 class=\"wp-block-heading has-medium-font-size\" style=\"letter-spacing:0.5px\"><strong><strong>Tiefeninterviews<\/strong><\/strong><\/h4>\n\n\n\n<div style=\"height:20px\" aria-hidden=\"true\" class=\"wp-block-spacer\"><\/div>\n\n\n\n<p class=\"has-text-align-left\" style=\"font-size:18px\">Bei Tiefeninterviews handelt es sich um ein pers\u00f6nliches Gespr\u00e4ch zwischen dem Forscher und dem Interview-teilnehmer, das eine personalisierte Erforschung der Gedanken und Erfahrungen erm\u00f6glicht. Tiefeninterviews sind besonders wertvoll, wenn es darum geht, detaillierte Narrative zu erhalten und Aspekte aufzudecken, die in einem Gruppensetting m\u00f6glicherweise nicht zum Vorschein kommen.<\/p>\n\n\n\n<div style=\"height:30px\" aria-hidden=\"true\" class=\"wp-block-spacer\"><\/div>\n\n\n\n<p style=\"font-size:18px\">Zu den wichtigsten Merkmalen der Tiefeninterviews bei BERENT geh\u00f6ren:<\/p>\n\n\n\n<div style=\"height:20px\" aria-hidden=\"true\" class=\"wp-block-spacer\"><\/div>\n\n\n\n<ul class=\"german-ul wp-block-list\">\n<li style=\"font-size:18px\"><strong>Flexibilit\u00e4t im Format<\/strong>: BERENT bietet Tiefeninterviews an, die in einer pers\u00f6nlichen Befragung, per Telefon oder \u00fcber Video-\/Audiokonferenzen durchgef\u00fchrt werden, um flexibel auf unterschiedliche Forschungsbed\u00fcrfnisse und Teilnehmerpr\u00e4ferenzen eingehen zu k\u00f6nnen.<\/li>\n<\/ul>\n\n\n\n<div style=\"height:20px\" aria-hidden=\"true\" class=\"wp-block-spacer\"><\/div>\n\n\n\n<ul class=\"german-ul wp-block-list\">\n<li style=\"font-size:18px\"><strong>Verbraucher- und Unternehmenskontext<\/strong>: Unsere Tiefeninterviews erstrecken sich sowohl auf Verbraucherkontexte, in denen wir die Erfahrungen und Meinungen von Einzelpersonen erforschen, als auch auf hochrangige Unternehmenskontexte, in denen wir ausf\u00fchrliche Diskussionen mit wichtigen Interessenvertretern f\u00fchren.<\/li>\n<\/ul>\n\n\n\n<div style=\"height:20px\" aria-hidden=\"true\" class=\"wp-block-spacer\"><\/div>\n\n\n\n<ul class=\"german-ul wp-block-list\">\n<li style=\"font-size:18px\"><strong>Kompetente Interviewer<\/strong>: Die erfahrenen Interviewer von BERENT verf\u00fcgen \u00fcber die notwendigen F\u00e4higkeiten und langj\u00e4hrigen Erfahrungen, um ein angenehmes und offenes Gespr\u00e4chsumfeld zu schaffen, das die Teilnehmer ermutigt, ihre Erkenntnisse mitzuteilen.<\/li>\n<\/ul>\n\n\n\n<div style=\"height:50px\" aria-hidden=\"true\" class=\"wp-block-spacer\"><\/div>\n\n\n\n<h4 class=\"wp-block-heading has-medium-font-size\" style=\"letter-spacing:1px\"><strong><strong>Strategische Marketingl\u00f6sungen<\/strong><\/strong><\/h4>\n\n\n\n<div style=\"height:20px\" aria-hidden=\"true\" class=\"wp-block-spacer\"><\/div>\n\n\n\n<p class=\"has-text-align-left\" style=\"font-size:18px\">Unsere Projektleiter und Moderatoren sind auf Marketingfachwissen spezialisiert und vermeiden es, sich auf psychologische Aspekte zu konzentrieren. Diese Erfahrung gew\u00e4hrleistet eine Konzentration auf handlungsorientierte Marketingforschung. Alle Projekte werden mit Blick auf solide Vertriebsempfehlungen konzipiert, wodurch die Kunden mit Erkenntnissen versorgt werden, die f\u00fcr ihre Gesch\u00e4ftsentscheidungen direkt relevant sind.<\/p>\n\n\n\n<div style=\"height:20px\" aria-hidden=\"true\" class=\"wp-block-spacer\"><\/div>\n\n\n\n<p class=\"has-text-align-left\" style=\"font-size:18px\">Nehmen Sie Kontakt mit uns auf, um zu besprechen, inwiefern qualitative Forschung Ihrem Unternehmen n\u00fctzlich sein kann, wertvolle Erkenntnisse zu gewinnen und fundierte strategische Entscheidungen zu treffen: <a aria-label=\"info@berent.com (opens in a new tab)\" class=\"ek-link\" href=\"mailto:info@berent.com\" target=\"_blank\" rel=\"noreferrer noopener\">info@berent.com<\/a>.<\/p>\n\n\n\n<div style=\"height:30px\" aria-hidden=\"true\" class=\"wp-block-spacer\"><\/div>\n","protected":false},"excerpt":{"rendered":"<p>Qualitative Forschung Qualitative Forschung ist ein methodologischer Ansatz, der verwendet wird, um die Erfahrungen, Einstellungen und Verhaltensweisen von Einzelpersonen sowie&#8230;<\/p>\n","protected":false},"author":8,"featured_media":0,"parent":0,"menu_order":0,"comment_status":"closed","ping_status":"closed","template":"","meta":{"_editorskit_title_hidden":false,"_editorskit_reading_time":0,"_editorskit_is_block_options_detached":false,"_editorskit_block_options_position":"{}","footnotes":""},"class_list":["post-2080","page","type-page","status-publish","hentry"],"_links":{"self":[{"href":"https:\/\/berent.com\/de\/wp-json\/wp\/v2\/pages\/2080","targetHints":{"allow":["GET"]}}],"collection":[{"href":"https:\/\/berent.com\/de\/wp-json\/wp\/v2\/pages"}],"about":[{"href":"https:\/\/berent.com\/de\/wp-json\/wp\/v2\/types\/page"}],"author":[{"embeddable":true,"href":"https:\/\/berent.com\/de\/wp-json\/wp\/v2\/users\/8"}],"replies":[{"embeddable":true,"href":"https:\/\/berent.com\/de\/wp-json\/wp\/v2\/comments?post=2080"}],"version-history":[{"count":10,"href":"https:\/\/berent.com\/de\/wp-json\/wp\/v2\/pages\/2080\/revisions"}],"predecessor-version":[{"id":2263,"href":"https:\/\/berent.com\/de\/wp-json\/wp\/v2\/pages\/2080\/revisions\/2263"}],"wp:attachment":[{"href":"https:\/\/berent.com\/de\/wp-json\/wp\/v2\/media?parent=2080"}],"curies":[{"name":"wp","href":"https:\/\/api.w.org\/{rel}","templated":true}]}}