{"id":2075,"date":"2024-04-10T10:45:55","date_gmt":"2024-04-10T08:45:55","guid":{"rendered":"https:\/\/berent.com\/de\/?page_id=2075"},"modified":"2024-04-15T10:36:52","modified_gmt":"2024-04-15T08:36:52","slug":"mixed-mode","status":"publish","type":"page","link":"https:\/\/berent.com\/de\/mixed-mode\/","title":{"rendered":"Mixed-Mode-Befragungen"},"content":{"rendered":"\n<h4 class=\"wp-block-heading has-medium-font-size\" style=\"letter-spacing:0.5px\"><strong><strong>Mit den Anforderungen des Marktes Schritt halten<\/strong><\/strong><\/h4>\n\n\n\n<div style=\"height:20px\" aria-hidden=\"true\" class=\"wp-block-spacer\"><\/div>\n\n\n\n<p class=\"has-text-align-left\" style=\"font-size:18px\">BERENT hat erkannt, wie wichtig es ist, den unterschiedlichen Kommunikationspr\u00e4ferenzen der Befragten gerecht zu werden, und hat eine strategische Initiative zur Einf\u00fchrung von Mixed-Mode-Befragungen gestartet, die die St\u00e4rken von computergest\u00fctzten Telefonbefragungen (CATI) und Onlinebefragungen (CAWI) kombiniert.<\/p>\n\n\n\n<div style=\"height:20px\" aria-hidden=\"true\" class=\"wp-block-spacer\"><\/div>\n\n\n\n<div class=\"wp-block-columns is-layout-flex wp-container-core-columns-is-layout-9d6595d7 wp-block-columns-is-layout-flex\">\n<div class=\"wp-block-column is-vertically-aligned-stretch is-layout-flow wp-block-column-is-layout-flow\" style=\"flex-basis:35%\"><div class=\"wp-block-image is-style-default\">\n<figure class=\"alignleft size-full\"><img loading=\"lazy\" decoding=\"async\" width=\"1080\" height=\"1000\" src=\"https:\/\/berent.com\/de\/wp-content\/uploads\/2024\/04\/1.png\" alt=\"\" class=\"wp-image-2076\" style=\"object-fit:cover\" srcset=\"https:\/\/berent.com\/de\/wp-content\/uploads\/2024\/04\/1.png 1080w, https:\/\/berent.com\/de\/wp-content\/uploads\/2024\/04\/1-300x278.png 300w, https:\/\/berent.com\/de\/wp-content\/uploads\/2024\/04\/1-1024x948.png 1024w, https:\/\/berent.com\/de\/wp-content\/uploads\/2024\/04\/1-768x711.png 768w, https:\/\/berent.com\/de\/wp-content\/uploads\/2024\/04\/1-620x574.png 620w\" sizes=\"auto, (max-width: 1080px) 100vw, 1080px\" \/><\/figure>\n<\/div><\/div>\n\n\n\n<div class=\"wp-block-column is-layout-flow wp-block-column-is-layout-flow\" style=\"flex-basis:65%\">\n<div style=\"height:10px\" aria-hidden=\"true\" class=\"wp-block-spacer\"><\/div>\n\n\n\n<p class=\"has-text-align-left\" style=\"font-size:18px\">Dieser innovative Ansatz stellt eine bedeutende Weiterentwicklung unseres Portfolios an Erhebungsmethoden dar und spiegelt unser Engagement f\u00fcr Anpassungsf\u00e4higkeit und die Erf\u00fcllung der unterschiedlichen Pr\u00e4ferenzen der Befragten wider.<\/p>\n\n\n\n<div style=\"height:20px\" aria-hidden=\"true\" class=\"wp-block-spacer\"><\/div>\n\n\n\n<p class=\"has-text-align-left\" style=\"font-size:18px\">Die Entscheidung, sowohl CATI- als auch CAWI-Befragungsmethoden innerhalb desselben Projektes einzusetzen, ist ein strategischer Schritt, um das Engagement der Befragten zu erh\u00f6hen. Wir wissen, dass verschiedene Segmente unserer Zielgruppe unterschiedliche Kommunikationspr\u00e4ferenzen und technologische Zugangsm\u00f6glichkeiten haben. Wir beobachten den steigenden Trend, dass die Befragten Online-Interaktionen bevorzugen, und haben erkannt, wie wichtig es ist, den technologischen Fortschritt optimal zu nutzen.<\/p>\n\n\n\n<div style=\"height:20px\" aria-hidden=\"true\" class=\"wp-block-spacer\"><\/div>\n<\/div>\n<\/div>\n\n\n\n<p class=\"has-text-align-left\" style=\"font-size:18px\">Unser Team verf\u00fcgt \u00fcber die erforderlichen F\u00e4higkeiten f\u00fcr die Umsetzung der CATI- und CAWI-Methode. Das Befragungsdesign kann f\u00fcr beide Methoden optimiert werden, so dass ein nahtloser \u00dcbergang zwischen telefonischer und webbasierter Interaktion mit den zu befragenden Personen gew\u00e4hrleistet ist.<\/p>\n\n\n\n<div style=\"height:50px\" aria-hidden=\"true\" class=\"wp-block-spacer\"><\/div>\n\n\n\n<h4 class=\"wp-block-heading has-medium-font-size\" style=\"letter-spacing:0.5px\"><strong><strong>Die wichtigsten Vorteile von Mixed-Mode-Befragungen<\/strong><\/strong><\/h4>\n\n\n\n<div style=\"height:20px\" aria-hidden=\"true\" class=\"wp-block-spacer\"><\/div>\n\n\n\n<p class=\"has-text-align-left\" style=\"font-size:18px\">Mixed-Mode-Befragungen bieten einen vielseitigen Ansatz, der auf die unterschiedlichen Pr\u00e4ferenzen und Verhaltensweisen der Befragten eingeht und so die Teilnahmebereitschaft erh\u00f6ht und die Erfassung von R\u00fcckmeldungen f\u00fcr eine fundierte Entscheidungsfindung optimiert.<\/p>\n\n\n\n<div style=\"height:20px\" aria-hidden=\"true\" class=\"wp-block-spacer\"><\/div>\n\n\n\n<figure class=\"wp-block-image size-full is-style-editorskit-rounded\"><img loading=\"lazy\" decoding=\"async\" width=\"1920\" height=\"1080\" src=\"https:\/\/berent.com\/de\/wp-content\/uploads\/2024\/04\/Mixed-mode-visual.png\" alt=\"\" class=\"wp-image-2077\" srcset=\"https:\/\/berent.com\/de\/wp-content\/uploads\/2024\/04\/Mixed-mode-visual.png 1920w, https:\/\/berent.com\/de\/wp-content\/uploads\/2024\/04\/Mixed-mode-visual-300x169.png 300w, https:\/\/berent.com\/de\/wp-content\/uploads\/2024\/04\/Mixed-mode-visual-1024x576.png 1024w, https:\/\/berent.com\/de\/wp-content\/uploads\/2024\/04\/Mixed-mode-visual-768x432.png 768w, https:\/\/berent.com\/de\/wp-content\/uploads\/2024\/04\/Mixed-mode-visual-1536x864.png 1536w, https:\/\/berent.com\/de\/wp-content\/uploads\/2024\/04\/Mixed-mode-visual-620x349.png 620w\" sizes=\"auto, (max-width: 1920px) 100vw, 1920px\" \/><\/figure>\n\n\n\n<div style=\"height:50px\" aria-hidden=\"true\" class=\"wp-block-spacer\"><\/div>\n\n\n\n<h4 class=\"wp-block-heading has-medium-font-size\" style=\"letter-spacing:0.5px\"><strong><strong>Optimierung der Befragungseffizienz<\/strong><\/strong><\/h4>\n\n\n\n<div style=\"height:20px\" aria-hidden=\"true\" class=\"wp-block-spacer\"><\/div>\n\n\n\n<p class=\"has-text-align-left\" style=\"font-size:18px\">Durch die Kombination von CATI und CAWI in einer Mixed-Mode-Befragung k\u00f6nnen die Beschr\u00e4nkungen der einzelnen Methoden \u00fcberwunden und die Vorteile maximiert werden. Dabei k\u00f6nnen die Forscher mit einer Befragungsmethode beginnen und bei vollst\u00e4ndigen Antwortausf\u00e4llen (z.B. Nicht-Erreichbarkeit der Zielpersonen) in die andere Methode wechseln. Alternativ k\u00f6nnen beide Methoden gleichzeitig verwendet und den Befragten die Wahl der Befragungs-methode \u00fcberlassen werden.<\/p>\n\n\n\n<div style=\"height:20px\" aria-hidden=\"true\" class=\"wp-block-spacer\"><\/div>\n\n\n\n<p class=\"has-text-align-left\" style=\"font-size:18px\">Angesichts der Komplexit\u00e4t der Gesellschaft, der M\u00e4rkte und der technischen Gegebenheiten sind wir weiterhin bestrebt, diesen Herausforderungen mit innovativen L\u00f6sungen zu begegnen. Die dynamische Synergie von CATI und CAWI bei Mixed-Mode-Befragungen erm\u00f6glicht es uns, bessere und repr\u00e4sentativere Ergebnisse zu erzielen und in Bezug auf Zeit und Kosten effizienter zu sein.<\/p>\n\n\n\n<div style=\"height:20px\" aria-hidden=\"true\" class=\"wp-block-spacer\"><\/div>\n\n\n\n<p class=\"has-text-align-left\" style=\"font-size:18px\">F\u00fcr detaillierte Einblicke in die Durchf\u00fchrung von Befragungen \u2014 ob lokal oder global \u2014 kontaktieren Sie uns bitte unter <a aria-label=\" (opens in a new tab)\" class=\"ek-link\" href=\"mailto:info@berent.com\" target=\"_blank\" rel=\"noreferrer noopener\">info@berent.com<\/a>.<\/p>\n\n\n\n<div style=\"height:30px\" aria-hidden=\"true\" class=\"wp-block-spacer\"><\/div>\n","protected":false},"excerpt":{"rendered":"<p>Mit den Anforderungen des Marktes Schritt halten BERENT hat erkannt, wie wichtig es ist, den unterschiedlichen Kommunikationspr\u00e4ferenzen der Befragten gerecht&#8230;<\/p>\n","protected":false},"author":8,"featured_media":0,"parent":0,"menu_order":0,"comment_status":"closed","ping_status":"closed","template":"","meta":{"_editorskit_title_hidden":false,"_editorskit_reading_time":0,"_editorskit_is_block_options_detached":false,"_editorskit_block_options_position":"{}","footnotes":""},"class_list":["post-2075","page","type-page","status-publish","hentry"],"_links":{"self":[{"href":"https:\/\/berent.com\/de\/wp-json\/wp\/v2\/pages\/2075","targetHints":{"allow":["GET"]}}],"collection":[{"href":"https:\/\/berent.com\/de\/wp-json\/wp\/v2\/pages"}],"about":[{"href":"https:\/\/berent.com\/de\/wp-json\/wp\/v2\/types\/page"}],"author":[{"embeddable":true,"href":"https:\/\/berent.com\/de\/wp-json\/wp\/v2\/users\/8"}],"replies":[{"embeddable":true,"href":"https:\/\/berent.com\/de\/wp-json\/wp\/v2\/comments?post=2075"}],"version-history":[{"count":5,"href":"https:\/\/berent.com\/de\/wp-json\/wp\/v2\/pages\/2075\/revisions"}],"predecessor-version":[{"id":2196,"href":"https:\/\/berent.com\/de\/wp-json\/wp\/v2\/pages\/2075\/revisions\/2196"}],"wp:attachment":[{"href":"https:\/\/berent.com\/de\/wp-json\/wp\/v2\/media?parent=2075"}],"curies":[{"name":"wp","href":"https:\/\/api.w.org\/{rel}","templated":true}]}}