{"id":2062,"date":"2024-04-10T10:32:08","date_gmt":"2024-04-10T08:32:08","guid":{"rendered":"https:\/\/berent.com\/de\/?page_id=2062"},"modified":"2024-04-15T10:35:21","modified_gmt":"2024-04-15T08:35:21","slug":"cati","status":"publish","type":"page","link":"https:\/\/berent.com\/de\/cati\/","title":{"rendered":"CATI \u2013 Telefonische Befragung"},"content":{"rendered":"\n<div class=\"wp-block-media-text is-stacked-on-mobile is-vertically-aligned-top\" style=\"font-size:18px;grid-template-columns:35% auto\"><figure class=\"wp-block-media-text__media\"><img loading=\"lazy\" decoding=\"async\" width=\"1024\" height=\"802\" src=\"https:\/\/berent.com\/de\/wp-content\/uploads\/2024\/04\/CATI-visual-1-1024x802.png\" alt=\"\" class=\"wp-image-2137 size-full\" srcset=\"https:\/\/berent.com\/de\/wp-content\/uploads\/2024\/04\/CATI-visual-1-1024x802.png 1024w, https:\/\/berent.com\/de\/wp-content\/uploads\/2024\/04\/CATI-visual-1-300x235.png 300w, https:\/\/berent.com\/de\/wp-content\/uploads\/2024\/04\/CATI-visual-1-768x602.png 768w, https:\/\/berent.com\/de\/wp-content\/uploads\/2024\/04\/CATI-visual-1-620x486.png 620w, https:\/\/berent.com\/de\/wp-content\/uploads\/2024\/04\/CATI-visual-1.png 1200w\" sizes=\"auto, (max-width: 1024px) 100vw, 1024px\" \/><\/figure><div class=\"wp-block-media-text__content\">\n<div style=\"height:15px\" aria-hidden=\"true\" class=\"wp-block-spacer\"><\/div>\n\n\n\n<p class=\"has-text-align-left\" style=\"font-size:18px;font-style:normal;font-weight:400\">Die computergest\u00fctzte Telefonbefragung oder <em>Computer Assisted Telephone Interviewing<\/em> (CATI) ist ein zentraler Bestandteil der Forschungsmethodik von BERENT. <\/p>\n\n\n\n<div style=\"height:20px\" aria-hidden=\"true\" class=\"wp-block-spacer\"><\/div>\n\n\n\n<p class=\"has-text-align-left\" style=\"font-size:18px\">Sie ist unverzichtbar f\u00fcr Projekte, die ein direktes Engagement erfordern, bei dem die pers\u00f6nliche Befragung der Teilnehmer im Vordergrund steht. Die CATI-Befragungsmethode wird \u00fcber Telefonanrufe oder Video-\/Audiokonferenzen durchgef\u00fchrt.<\/p>\n<\/div><\/div>\n\n\n\n<div style=\"height:20px\" aria-hidden=\"true\" class=\"wp-block-spacer\"><\/div>\n\n\n\n<p class=\"has-text-align-left\" style=\"font-size:18px\">Unsere geschulten Interviewer verwenden computergest\u00fctzte Systeme, die sie durch den Interviewprozess f\u00fchren und die Antworten in Echtzeit aufzeichnen. Auf diese Weise k\u00f6nnen sich die Interviewer problemlos an diejenige Kommunikationsform anpassen, die f\u00fcr die Befragten am angenehmsten ist, sei es der herk\u00f6mmliche Telefonanruf oder der noch pers\u00f6nlichere Videoanruf. Dadurch wird ein effektiver und flexibler Datenerfassungsprozess gew\u00e4hrleistet.<\/p>\n\n\n\n<div style=\"height:50px\" aria-hidden=\"true\" class=\"wp-block-spacer\"><\/div>\n\n\n\n<h4 class=\"wp-block-heading has-medium-font-size\" style=\"letter-spacing:0.5px\">Vorteile<\/h4>\n\n\n\n<div style=\"height:20px\" aria-hidden=\"true\" class=\"wp-block-spacer\"><\/div>\n\n\n\n<p class=\"has-text-align-left\" style=\"font-size:18px\">Die CATI-Befragungsmethode ist ein leistungsf\u00e4higes Instrument, das zahlreiche Vorteile f\u00fcr verschiedene Projekte bietet. Es spielt eine entscheidende Rolle beim Erreichen repr\u00e4sentativer Stichproben und erm\u00f6glicht es, ein breites Spektrum an Perspektiven zu erfassen. Dar\u00fcber hinaus sind computergest\u00fctzte Telefonbefragungen ein wichtiges Instrument zum Erreichen von schwer zug\u00e4nglichen Zielgruppen und gew\u00e4hrleistet somit einen umfassenden und integrativen Forschungsansatz.<\/p>\n\n\n\n<div style=\"height:20px\" aria-hidden=\"true\" class=\"wp-block-spacer\"><\/div>\n\n\n\n<p class=\"has-text-align-left\" style=\"font-size:18px\">Einer der entscheidenden Vorteile dieser Befragungsmethode liegt au\u00dferdem in der M\u00f6glichkeit, tiefgehende und umfangreiche Interviews zu f\u00fchren. Dadurch eignet sie sich gut f\u00fcr Projekte, die ein differenziertes Verst\u00e4ndnis der Meinungen und Erfahrungen der Befragten erfordern. Dar\u00fcber hinaus ist die Telefonbefragung nach wie vor die bevorzugte Methode f\u00fcr Projekte, die eine pers\u00f6nliche Note und ein direktes Engagement erfordern.<\/p>\n\n\n\n<div style=\"height:20px\" aria-hidden=\"true\" class=\"wp-block-spacer\"><\/div>\n\n\n\n<p class=\"has-text-align-left\" style=\"font-size:18px\">Unsere erfahrenen Interviewer, die zusammen mehr als 10 Sprachen beherrschen, k\u00f6nnen problemlos und professionell mehrsprachige Befragungen durchf\u00fchren und so den Erfolg des CATI-Befragungsprozesses sicherstellen.<\/p>\n\n\n\n<div style=\"height:20px\" aria-hidden=\"true\" class=\"wp-block-spacer\"><\/div>\n\n\n<div class=\"wp-block-image is-style-editorskit-rounded\">\n<figure class=\"aligncenter size-full\"><img loading=\"lazy\" decoding=\"async\" width=\"1920\" height=\"1080\" src=\"https:\/\/berent.com\/de\/wp-content\/uploads\/2024\/04\/CATI-visual2.png\" alt=\"\" class=\"wp-image-2064\" srcset=\"https:\/\/berent.com\/de\/wp-content\/uploads\/2024\/04\/CATI-visual2.png 1920w, https:\/\/berent.com\/de\/wp-content\/uploads\/2024\/04\/CATI-visual2-300x169.png 300w, https:\/\/berent.com\/de\/wp-content\/uploads\/2024\/04\/CATI-visual2-1024x576.png 1024w, https:\/\/berent.com\/de\/wp-content\/uploads\/2024\/04\/CATI-visual2-768x432.png 768w, https:\/\/berent.com\/de\/wp-content\/uploads\/2024\/04\/CATI-visual2-1536x864.png 1536w, https:\/\/berent.com\/de\/wp-content\/uploads\/2024\/04\/CATI-visual2-620x349.png 620w\" sizes=\"auto, (max-width: 1920px) 100vw, 1920px\" \/><\/figure>\n<\/div>\n\n\n<div style=\"height:70px\" aria-hidden=\"true\" class=\"wp-block-spacer\"><\/div>\n\n\n\n<h4 class=\"wp-block-heading\" style=\"font-size:18px;letter-spacing:0.5px\"><strong><strong>Zuverl\u00e4ssige und vielseitige L\u00f6sung<\/strong><\/strong><\/h4>\n\n\n\n<div style=\"height:20px\" aria-hidden=\"true\" class=\"wp-block-spacer\"><\/div>\n\n\n\n<p class=\"has-text-align-left\" style=\"font-size:18px\">Ob es darum geht, detailliertes Feedback zu erfassen, Verbraucherpr\u00e4ferenzen zu verstehen oder Marktforschung zu betreiben &#8211; die CATI-Befragungsmethode bietet die Flexibilit\u00e4t und Anpassungsf\u00e4higkeit, die f\u00fcr eine Vielzahl von Forschungsanforderungen n\u00f6tig ist.<\/p>\n\n\n\n<div style=\"height:20px\" aria-hidden=\"true\" class=\"wp-block-spacer\"><\/div>\n\n\n\n<p class=\"has-text-align-left\" style=\"font-size:18px\">Wir haben eine st\u00e4ndige Qualit\u00e4tssicherung f\u00fcr die gesamte Feldarbeit eingef\u00fchrt, welche die Industriestandards \u00fcbertrifft und gleichzeitig auch die strengsten Datenschutzbestimmungen einh\u00e4lt. Dies gew\u00e4hrleistet die Zuverl\u00e4ssigkeit und Genauigkeit der erhobenen Daten.<\/p>\n\n\n\n<div style=\"height:20px\" aria-hidden=\"true\" class=\"wp-block-spacer\"><\/div>\n\n\n\n<p class=\"has-text-align-left\" style=\"font-size:18px\">F\u00fcr Unternehmen, die einen umfassenden und effektiven Ansatz f\u00fcr Telefonbefragungen suchen, ist CATI eine zuverl\u00e4ssige und vielseitige L\u00f6sung. Um herauszufinden, wie die computergest\u00fctzte Telefonbefragung Ihre Forschungsbem\u00fchungen verbessern kann, kontaktieren Sie uns unter <a href=\"mailto:info@berent.com\" target=\"_blank\" rel=\"noreferrer noopener\">info@berent.com<\/a>.<\/p>\n\n\n\n<div style=\"height:30px\" aria-hidden=\"true\" class=\"wp-block-spacer\"><\/div>\n","protected":false},"excerpt":{"rendered":"<p>Unsere geschulten Interviewer verwenden computergest\u00fctzte Systeme, die sie durch den Interviewprozess f\u00fchren und die Antworten in Echtzeit aufzeichnen. Auf diese&#8230;<\/p>\n","protected":false},"author":8,"featured_media":0,"parent":0,"menu_order":0,"comment_status":"closed","ping_status":"closed","template":"","meta":{"_editorskit_title_hidden":false,"_editorskit_reading_time":0,"_editorskit_is_block_options_detached":false,"_editorskit_block_options_position":"{}","footnotes":""},"class_list":["post-2062","page","type-page","status-publish","hentry"],"_links":{"self":[{"href":"https:\/\/berent.com\/de\/wp-json\/wp\/v2\/pages\/2062","targetHints":{"allow":["GET"]}}],"collection":[{"href":"https:\/\/berent.com\/de\/wp-json\/wp\/v2\/pages"}],"about":[{"href":"https:\/\/berent.com\/de\/wp-json\/wp\/v2\/types\/page"}],"author":[{"embeddable":true,"href":"https:\/\/berent.com\/de\/wp-json\/wp\/v2\/users\/8"}],"replies":[{"embeddable":true,"href":"https:\/\/berent.com\/de\/wp-json\/wp\/v2\/comments?post=2062"}],"version-history":[{"count":13,"href":"https:\/\/berent.com\/de\/wp-json\/wp\/v2\/pages\/2062\/revisions"}],"predecessor-version":[{"id":2195,"href":"https:\/\/berent.com\/de\/wp-json\/wp\/v2\/pages\/2062\/revisions\/2195"}],"wp:attachment":[{"href":"https:\/\/berent.com\/de\/wp-json\/wp\/v2\/media?parent=2062"}],"curies":[{"name":"wp","href":"https:\/\/api.w.org\/{rel}","templated":true}]}}