{"id":2055,"date":"2024-04-10T10:18:46","date_gmt":"2024-04-10T08:18:46","guid":{"rendered":"https:\/\/berent.com\/de\/?page_id=2055"},"modified":"2024-04-16T12:11:37","modified_gmt":"2024-04-16T10:11:37","slug":"cawi","status":"publish","type":"page","link":"https:\/\/berent.com\/de\/cawi\/","title":{"rendered":"CAWI \u2013 Onlinebefragung"},"content":{"rendered":"\n<div class=\"wp-block-media-text is-stacked-on-mobile\" style=\"grid-template-columns:44% auto\"><figure class=\"wp-block-media-text__media\"><img decoding=\"async\" src=\"https:\/\/berent.com\/wp-content\/uploads\/2024\/02\/cawi.png\" alt=\"\" class=\"wp-image-2804 size-full\"\/><\/figure><div class=\"wp-block-media-text__content\">\n<div style=\"height:20px\" aria-hidden=\"true\" class=\"wp-block-spacer\"><\/div>\n\n\n\n<p class=\"has-text-align-left\" style=\"font-size:18px\">Die Onlinebefragung oder <em>Computer Assisted Web Interviewing<\/em> (CAWI) ist eine Befragungs- und Daten\u00aderhebungsmethode, die webbasierte Plattformen zur Verwaltung von Frageb\u00f6gen und zur Erfassung von Antworten der Teilnehmer nutzt. Dabei greifen die Befragten \u00fcber einen Webbrowser auf die Befragung zu, wo sie durch den Fragebogen navigiert und ihre Antworten elektronisch \u00fcbermittelt werden.<\/p>\n\n\n\n<p class=\"has-text-align-left\" style=\"font-size:18px\">Die Computerunterst\u00fctzung erfolgt in Form einer programmierten Logik, die die Befragten durch den Befragungsablauf f\u00fchrt, die Antworten in Echtzeit validiert und Filtermuster auf der Grundlage fr\u00fcherer Antworten implementiert. Diese Automatisierung tr\u00e4gt dazu bei, Fehler zu reduzieren, die Erfassungs\u00adgenauigkeit zu erh\u00f6hen und die Befragung f\u00fcr die Teilnehmer insgesamt zu verbessern.<\/p>\n<\/div><\/div>\n\n\n\n<div style=\"height:50px\" aria-hidden=\"true\" class=\"wp-block-spacer\"><\/div>\n\n\n\n<h4 class=\"wp-block-heading has-medium-font-size\" style=\"letter-spacing:0.5px\">Vorteile<\/h4>\n\n\n\n<div style=\"height:20px\" aria-hidden=\"true\" class=\"wp-block-spacer\"><\/div>\n\n\n\n<p class=\"has-text-align-left\" style=\"font-size:18px\">CAWI bietet mehrere Vorteile, darunter die M\u00f6glichkeit, <strong>ein breites und vielf\u00e4ltiges Publikum zu erreichen<\/strong>, eine <strong>schnellere Datenerfassung<\/strong> zu gew\u00e4hrleisten, sowie <strong>Kosten<\/strong> im Vergleich zu herk\u00f6mmlichen Erhebungsmethoden <strong>einzusparen<\/strong>. Die Onlinebefragung eignet sich besonders gut f\u00fcr gro\u00df angelegte Befragungen, f\u00fcr die Nach\u00adverfolgung von Ver\u00e4nderungen \u00fcber einen Zeitverlauf in L\u00e4ngsschnittstudien, sowie f\u00fcr den Zugang zu Befragten an geografisch unterschiedlichen Standorten.<\/p>\n\n\n\n<div style=\"height:50px\" aria-hidden=\"true\" class=\"wp-block-spacer\"><\/div>\n\n\n\n<h4 class=\"wp-block-heading has-medium-font-size\" style=\"letter-spacing:0.5px\"><strong>Integration von Stichprobenverfahren<\/strong><\/h4>\n\n\n\n<div style=\"height:20px\" aria-hidden=\"true\" class=\"wp-block-spacer\"><\/div>\n\n\n\n<p style=\"font-size:18px\">BERENT kann nahtlos verschiedene Stichprobenverfahren (Sampling-Methoden) in seinen CAWI-Befragungsprozess integrieren.<\/p>\n\n\n<div class=\"wp-block-image\">\n<figure class=\"aligncenter size-full\"><img loading=\"lazy\" decoding=\"async\" width=\"1024\" height=\"768\" src=\"https:\/\/berent.com\/de\/wp-content\/uploads\/2024\/04\/CAWI-visual.png\" alt=\"\" class=\"wp-image-2059\" srcset=\"https:\/\/berent.com\/de\/wp-content\/uploads\/2024\/04\/CAWI-visual.png 1024w, https:\/\/berent.com\/de\/wp-content\/uploads\/2024\/04\/CAWI-visual-300x225.png 300w, https:\/\/berent.com\/de\/wp-content\/uploads\/2024\/04\/CAWI-visual-768x576.png 768w, https:\/\/berent.com\/de\/wp-content\/uploads\/2024\/04\/CAWI-visual-400x300.png 400w, https:\/\/berent.com\/de\/wp-content\/uploads\/2024\/04\/CAWI-visual-620x465.png 620w\" sizes=\"auto, (max-width: 1024px) 100vw, 1024px\" \/><\/figure>\n<\/div>\n\n\n<div style=\"height:50px\" aria-hidden=\"true\" class=\"wp-block-spacer\"><\/div>\n\n\n\n<p style=\"font-size:18px\">Wenn Sie weitere Informationen dar\u00fcber w\u00fcnschen, wie BERENT Onlinebefragungen auf die individuellen Bed\u00fcrfnisse Ihrer Organisation zuschneiden kann, wenden Sie sich bitte an <a href=\"mailto:info@berent.com\">inf<\/a><a href=\"mailto:info@berent.com\" target=\"_blank\" rel=\"noreferrer noopener\">o@berent.com<\/a>.<\/p>\n\n\n\n<div style=\"height:30px\" aria-hidden=\"true\" class=\"wp-block-spacer\"><\/div>\n","protected":false},"excerpt":{"rendered":"<p>Vorteile CAWI bietet mehrere Vorteile, darunter die M\u00f6glichkeit, ein breites und vielf\u00e4ltiges Publikum zu erreichen, eine schnellere Datenerfassung zu gew\u00e4hrleisten,&#8230;<\/p>\n","protected":false},"author":8,"featured_media":0,"parent":0,"menu_order":0,"comment_status":"closed","ping_status":"closed","template":"","meta":{"_editorskit_title_hidden":false,"_editorskit_reading_time":0,"_editorskit_is_block_options_detached":false,"_editorskit_block_options_position":"{}","footnotes":""},"class_list":["post-2055","page","type-page","status-publish","hentry"],"_links":{"self":[{"href":"https:\/\/berent.com\/de\/wp-json\/wp\/v2\/pages\/2055","targetHints":{"allow":["GET"]}}],"collection":[{"href":"https:\/\/berent.com\/de\/wp-json\/wp\/v2\/pages"}],"about":[{"href":"https:\/\/berent.com\/de\/wp-json\/wp\/v2\/types\/page"}],"author":[{"embeddable":true,"href":"https:\/\/berent.com\/de\/wp-json\/wp\/v2\/users\/8"}],"replies":[{"embeddable":true,"href":"https:\/\/berent.com\/de\/wp-json\/wp\/v2\/comments?post=2055"}],"version-history":[{"count":8,"href":"https:\/\/berent.com\/de\/wp-json\/wp\/v2\/pages\/2055\/revisions"}],"predecessor-version":[{"id":2215,"href":"https:\/\/berent.com\/de\/wp-json\/wp\/v2\/pages\/2055\/revisions\/2215"}],"wp:attachment":[{"href":"https:\/\/berent.com\/de\/wp-json\/wp\/v2\/media?parent=2055"}],"curies":[{"name":"wp","href":"https:\/\/api.w.org\/{rel}","templated":true}]}}