{"id":1979,"date":"2022-06-27T13:52:59","date_gmt":"2022-06-27T11:52:59","guid":{"rendered":"https:\/\/berent.com\/de\/?page_id=1979"},"modified":"2022-12-09T13:04:17","modified_gmt":"2022-12-09T11:04:17","slug":"contacts","status":"publish","type":"page","link":"https:\/\/berent.com\/de\/contacts\/","title":{"rendered":"Kontakt"},"content":{"rendered":"\n<div class=\"wp-block-columns is-layout-flex wp-container-core-columns-is-layout-9d6595d7 wp-block-columns-is-layout-flex\">\n<div class=\"wp-block-column is-layout-flow wp-block-column-is-layout-flow\" style=\"flex-basis:66.66%\"><div class=\"wpforms-container wpforms-container-full wpforms-block\" id=\"wpforms-2001\"><form id=\"wpforms-form-2001\" class=\"wpforms-validate wpforms-form wpforms-ajax-form\" data-formid=\"2001\" method=\"post\" enctype=\"multipart\/form-data\" action=\"\/de\/wp-json\/wp\/v2\/pages\/1979\" data-token=\"1e353e80b44e323138ed63ecc37ad4a1\" data-token-time=\"1776166883\"><div class=\"wpforms-head-container\"><div class=\"wpforms-title\">Schreiben Sie uns<\/div><div class=\"wpforms-description\">Bitte kontaktieren Sie unsere deutsche Zentrale f\u00fcr gesch\u00e4ftliche Anfragen \/ Angebote \/ etc.<\/div><\/div><noscript class=\"wpforms-error-noscript\">Bitte aktiviere JavaScript in deinem Browser, um dieses Formular fertigzustellen.<\/noscript><div class=\"wpforms-field-container\"><div id=\"wpforms-2001-field_0-container\" class=\"wpforms-field wpforms-field-name\" data-field-id=\"0\"><label class=\"wpforms-field-label\" for=\"wpforms-2001-field_0\">Dein Name <span class=\"wpforms-required-label\">*<\/span><\/label><input type=\"text\" id=\"wpforms-2001-field_0\" class=\"wpforms-field-medium wpforms-field-required\" name=\"wpforms[fields][0]\" required><\/div><div id=\"wpforms-2001-field_1-container\" class=\"wpforms-field wpforms-field-email\" data-field-id=\"1\"><label class=\"wpforms-field-label\" for=\"wpforms-2001-field_1\">Deine E-Mail-Adresse <span class=\"wpforms-required-label\">*<\/span><\/label><input type=\"email\" id=\"wpforms-2001-field_1\" class=\"wpforms-field-medium wpforms-field-required\" name=\"wpforms[fields][1]\" spellcheck=\"false\" required><\/div><div id=\"wpforms-2001-field_3-container\" class=\"wpforms-field wpforms-field-text\" data-field-id=\"3\"><label class=\"wpforms-field-label\" for=\"wpforms-2001-field_3\">Betreff <span class=\"wpforms-required-label\">*<\/span><\/label><input type=\"text\" id=\"wpforms-2001-field_3\" class=\"wpforms-field-medium wpforms-field-required\" name=\"wpforms[fields][3]\" required><\/div><div id=\"wpforms-2001-field_2-container\" class=\"wpforms-field wpforms-field-textarea\" data-field-id=\"2\"><label class=\"wpforms-field-label\" for=\"wpforms-2001-field_2\">Deine Nachricht <span class=\"wpforms-required-label\">*<\/span><\/label><textarea id=\"wpforms-2001-field_2\" class=\"wpforms-field-medium wpforms-field-required wpforms-limit-characters-enabled\" data-form-id=\"2001\" data-field-id=\"2\" data-text-limit=\"255\" name=\"wpforms[fields][2]\" maxlength=\"255\" required><\/textarea><\/div><\/div><!-- .wpforms-field-container --><div class=\"wpforms-recaptcha-container wpforms-is-hcaptcha\" ><div class=\"h-captcha\" data-sitekey=\"d262b553-d86d-4b36-8cf5-8899c2ed78b4\"><\/div><input type=\"text\" name=\"g-recaptcha-hidden\" class=\"wpforms-recaptcha-hidden\" style=\"position:absolute!important;clip:rect(0,0,0,0)!important;height:1px!important;width:1px!important;border:0!important;overflow:hidden!important;padding:0!important;margin:0!important;\" data-rule-hcaptcha=\"1\"><\/div><div class=\"wpforms-submit-container\" ><input type=\"hidden\" name=\"wpforms[id]\" value=\"2001\"><input type=\"hidden\" name=\"page_title\" value=\"\"><input type=\"hidden\" name=\"page_url\" value=\"https:\/\/berent.com\/de\/wp-json\/wp\/v2\/pages\/1979\"><input type=\"hidden\" name=\"url_referer\" value=\"\"><button type=\"submit\" name=\"wpforms[submit]\" id=\"wpforms-submit-2001\" class=\"wpforms-submit\" data-alt-text=\"Senden\u2026\" data-submit-text=\"Absenden\" aria-live=\"assertive\" value=\"wpforms-submit\">Absenden<\/button><img loading=\"lazy\" decoding=\"async\" src=\"https:\/\/berent.com\/de\/wp-content\/plugins\/wpforms-lite\/assets\/images\/submit-spin.svg\" class=\"wpforms-submit-spinner\" style=\"display: none;\" width=\"26\" height=\"26\" alt=\"Wird geladen\"><\/div><\/form><\/div>  <!-- .wpforms-container --><\/div>\n\n\n\n<div class=\"wp-block-column is-layout-flow wp-block-column-is-layout-flow\" style=\"flex-basis:33.33%\">\n<h3 class=\"wp-block-heading\">Zentrale:<\/h3>\n\n\n\n<h4 class=\"wp-block-heading\"><strong>BERENT Deutschland GmbH&nbsp;<\/strong><\/h4>\n\n\n\n<p>Carl-Ludwig-Strasse 16<br>D-37213 Witzenhausen<br>Germany<br>Tel:&nbsp;+49 5542 9119-01<br>E-mail: <a href=\"mailto:info@berent.com\">info@berent.com<\/a><\/p>\n\n\n\n<p>Amtsgericht Eschwege HRB 2281.&nbsp;Gesch\u00e4ftsf\u00fchrer: F. B. Br\u00f6cher<\/p>\n\n\n\n<p>Korrespondenzen im Zusammenhang mit finanziellen Angelegenheiten adressieren Sie bitte an unseren Sitz in Witzenhausen.<\/p>\n\n\n\n<div style=\"height:50px\" aria-hidden=\"true\" class=\"wp-block-spacer\"><\/div>\n\n\n\n<h3 class=\"wp-block-heading\">B\u00fcro Kassel:<\/h3>\n\n\n\n<h4 class=\"wp-block-heading\"><strong>BERENT Deutschland GmbH&nbsp;<\/strong><\/h4>\n\n\n\n<p>K\u00f6ngistor 28<br>D-34117 Kassel<br>Germany<\/p>\n<\/div>\n<\/div>\n","protected":false},"excerpt":{"rendered":"<p>Zentrale: BERENT Deutschland GmbH&nbsp; Carl-Ludwig-Strasse 16D-37213 WitzenhausenGermanyTel:&nbsp;+49 5542 9119-01E-mail: info@berent.com Amtsgericht Eschwege HRB 2281.&nbsp;Gesch\u00e4ftsf\u00fchrer: F. B. Br\u00f6cher Korrespondenzen im Zusammenhang&#8230;<\/p>\n","protected":false},"author":8,"featured_media":0,"parent":0,"menu_order":0,"comment_status":"closed","ping_status":"closed","template":"page-blank.php","meta":{"_editorskit_title_hidden":false,"_editorskit_reading_time":0,"_editorskit_is_block_options_detached":false,"_editorskit_block_options_position":"{}","footnotes":""},"class_list":["post-1979","page","type-page","status-publish","hentry"],"_links":{"self":[{"href":"https:\/\/berent.com\/de\/wp-json\/wp\/v2\/pages\/1979","targetHints":{"allow":["GET"]}}],"collection":[{"href":"https:\/\/berent.com\/de\/wp-json\/wp\/v2\/pages"}],"about":[{"href":"https:\/\/berent.com\/de\/wp-json\/wp\/v2\/types\/page"}],"author":[{"embeddable":true,"href":"https:\/\/berent.com\/de\/wp-json\/wp\/v2\/users\/8"}],"replies":[{"embeddable":true,"href":"https:\/\/berent.com\/de\/wp-json\/wp\/v2\/comments?post=1979"}],"version-history":[{"count":3,"href":"https:\/\/berent.com\/de\/wp-json\/wp\/v2\/pages\/1979\/revisions"}],"predecessor-version":[{"id":2004,"href":"https:\/\/berent.com\/de\/wp-json\/wp\/v2\/pages\/1979\/revisions\/2004"}],"wp:attachment":[{"href":"https:\/\/berent.com\/de\/wp-json\/wp\/v2\/media?parent=1979"}],"curies":[{"name":"wp","href":"https:\/\/api.w.org\/{rel}","templated":true}]}}