{"id":1339,"date":"2015-04-22T13:40:58","date_gmt":"2015-04-22T11:40:58","guid":{"rendered":"http:\/\/berent.com\/de\/?page_id=1339"},"modified":"2022-10-11T12:16:56","modified_gmt":"2022-10-11T10:16:56","slug":"kr","status":"publish","type":"page","link":"https:\/\/berent.com\/de\/kr\/","title":{"rendered":"Telefoninterviewer Koreanisch"},"content":{"rendered":"\n<p><\/p>\n\n\n\n<p>BERENT ist ein international t\u00e4tiges Markt- und Meinungsforschungsinstitut. Seit 2015 f\u00fchren wir im Auftrag einer Europ\u00e4ischen Institution im Bereich Geistiges Eigentum (Patentwesen) kontinuierlich eine weltweite Nutzerbefragung durch. Wir suchen f\u00fcr diese Aufgabe ab Anfang bzw. Mitte September 2022 f\u00fcr den Standort Kassel (K\u00f6nigstor 28) zuverl\u00e4ssige und engagierte Mitarbeiter (w\/m\/d) mit Kenntnissen in<\/p>\n\n\n\n<p><strong>Koreanisch<\/strong><\/p>\n\n\n\n<p>als Muttersprache.<\/p>\n\n\n\n<p>Die m\u00f6glichen Arbeitszeiten liegen von Montag bis Donnerstag und richten sich nach den \u00fcblichen B\u00fcroarbeitszeiten des Ziellandes. F\u00fcr die ausgeschriebene Stelle liegen die m\u00f6glichen Arbeitszeiten damit zwischen 06:00 bzw. 07:00 Uhr und 09:00 bzw. 10:00 Uhr (deutscher Ortszeit). Die Arbeitszeiten sind nach Absprache flexibel w\u00e4hlbar, je nachdem wie Ihr pers\u00f6nlicher Zeitrahmen einen Arbeitseinsatz zul\u00e4sst. Dabei w\u00e4ren mindestens 1-2 Schichten pro Woche (mit jeweils 3 bis 4 Stunden pro Schicht) optimal. Home-Office ist dabei nicht m\u00f6glich.<\/p>\n\n\n\n<p>Sie erhalten von uns eine umfassende Einarbeitung in das Aufgabengebiet, ein regelm\u00e4\u00dfiges Coaching in Befragungstechniken sowie eine Einf\u00fchrung in den Gesch\u00e4ftsbereich unseres Auftraggebers. Das Aufgabengebiet umfasst eine seri\u00f6se Business-to-Business Befragung im Auftrag einer Europ\u00e4ischen Institution. Es handelt sich hierbei nicht um Verkaufsgespr\u00e4che, Kaltakquise oder Kundensupport.<\/p>\n\n\n\n<p>Wir bieten Ihnen:<\/p>\n\n\n\n<p>\u2022 Eine angenehme Arbeitsatmosph\u00e4re in einem internationalen Team<\/p>\n\n\n\n<p>\u2022 Gezielte Einarbeitung und Coaching<\/p>\n\n\n\n<p>\u2022 Angemessene Bezahlung<\/p>\n\n\n\n<p>\u2022 Flexible Einteilung der Arbeitszeiten<\/p>\n\n\n\n<p>Die Anstellung kann als Minijobber, Werkstudent, etc. erfolgen.<\/p>\n\n\n\n<p>Der Stundensatz betr\u00e4gt 15,00 Euro.<\/p>\n\n\n\n<p>Um einen schnellen und reibungslosen Bewerbungsablauf zu gew\u00e4hrleisten, bitten wir ausschlie\u00dflich um Bewerbungen per E-Mail an hr@berent.com<\/p>\n","protected":false},"excerpt":{"rendered":"<p>BERENT ist ein international t\u00e4tiges Markt- und Meinungsforschungsinstitut. Seit 2015 f\u00fchren wir im Auftrag einer Europ\u00e4ischen Institution im Bereich Geistiges&#8230;<\/p>\n","protected":false},"author":5,"featured_media":0,"parent":0,"menu_order":0,"comment_status":"closed","ping_status":"closed","template":"","meta":{"_editorskit_title_hidden":false,"_editorskit_reading_time":0,"_editorskit_is_block_options_detached":false,"_editorskit_block_options_position":"{}","footnotes":""},"class_list":["post-1339","page","type-page","status-publish","hentry"],"_links":{"self":[{"href":"https:\/\/berent.com\/de\/wp-json\/wp\/v2\/pages\/1339","targetHints":{"allow":["GET"]}}],"collection":[{"href":"https:\/\/berent.com\/de\/wp-json\/wp\/v2\/pages"}],"about":[{"href":"https:\/\/berent.com\/de\/wp-json\/wp\/v2\/types\/page"}],"author":[{"embeddable":true,"href":"https:\/\/berent.com\/de\/wp-json\/wp\/v2\/users\/5"}],"replies":[{"embeddable":true,"href":"https:\/\/berent.com\/de\/wp-json\/wp\/v2\/comments?post=1339"}],"version-history":[{"count":4,"href":"https:\/\/berent.com\/de\/wp-json\/wp\/v2\/pages\/1339\/revisions"}],"predecessor-version":[{"id":1994,"href":"https:\/\/berent.com\/de\/wp-json\/wp\/v2\/pages\/1339\/revisions\/1994"}],"wp:attachment":[{"href":"https:\/\/berent.com\/de\/wp-json\/wp\/v2\/media?parent=1339"}],"curies":[{"name":"wp","href":"https:\/\/api.w.org\/{rel}","templated":true}]}}